{"id":13462,"date":"2019-02-11T16:13:49","date_gmt":"2019-02-11T16:13:49","guid":{"rendered":"http:\/\/nagarsa.webtosell.es\/?page_id=13462"},"modified":"2019-02-11T16:13:49","modified_gmt":"2019-02-11T16:13:49","slug":"compromesso","status":"publish","type":"page","link":"https:\/\/nagarsa.com\/it\/compromesso\/","title":{"rendered":"Compromesso"},"content":{"rendered":"<div class=\"limit-wrapper\"><div class=\"row \"><div class=\"wpv-grid grid-1-1  wpv-first-level first unextended no-extended-padding\" style=\"padding-top:0.05px;padding-bottom:0.05px;\" id=\"wpv-column-bfdcfc89798f84d54016b37b4788eef4\" ><h2 style=\"text-align: center;\">Cosa offriamo<\/h2>\n<p>La nostra azienda \u00e8 stata <strong>fondata nel 1981<\/strong> da <strong>Lucas Navarro Rivas<\/strong> e pu\u00f2 contare attualmente su uno staff di <strong>15 professionisti<\/strong>. Nel corso del tempo siamo cresciuti e abbiamo innovato la nostra tecnologia, potendo cos\u00ec affermare il nostro ruolo nel mercato.<\/p>\n<p>Possiamo vantare quasi <strong>30 anni di esperienza professionale<\/strong> nel settore calzaturiero. Realizziamo i nostri prodotti con macchinari ad iniezione di <strong>ultima generazione<\/strong> e sotto stretto <strong>controllo della qualit\u00e0 e della sicurezza.\u00a0<\/strong><\/p>\n<p>Una volta terminato l&#8217;ordine del prodotto richiesto dal cliente, offriamo <strong>un servizio giornaliero di trasporto nazionale<\/strong> e, secondo il caso, un servizio di trasporto internazionale garantendo una frequenza minima settimanale. Per i tempi di trasporto si prega di contattare l&#8217;ufficio esportazioni.<\/p>\n<p>All&#8217;interno dei nostri impianti (2000 m\u00b2) riuniamo tutti i processi di fabbricazione e di vendita dei prodotti, beneficiando dei vantaggi che ne derivano (produzione, finitura, stoccaggio e fatturazione).<\/p>\n<p>Ci\u00f2 che ci contraddistingue \u00e8 la <strong>seriet\u00e0<\/strong> nel rapporto con i clienti. Un settore come il nostro richiede il <strong>massimo impegno e la pi\u00f9 alta pr<\/strong><strong>ofessionalit\u00e0<\/strong> per poter garantire l\u2019<strong>ottima qualit\u00e0.<\/strong><\/div><\/div><\/div>\n","protected":false},"excerpt":{"rendered":"<p>Cosa offriamo La nostra azienda \u00e8 stata fondata nel 1981 da Lucas Navarro Rivas e pu\u00f2 contare attualmente su uno staff di 15 professionisti. Nel corso del tempo siamo cresciuti e abbiamo innovato la nostra tecnologia, potendo cos\u00ec affermare il nostro ruolo nel mercato. Possiamo vantare quasi 30 anni di esperienza professionale nel settore calzaturiero&#8230;.<\/p>\n","protected":false},"author":1,"featured_media":0,"parent":0,"menu_order":0,"comment_status":"closed","ping_status":"closed","template":"","meta":[],"_links":{"self":[{"href":"https:\/\/nagarsa.com\/it\/wp-json\/wp\/v2\/pages\/13462"}],"collection":[{"href":"https:\/\/nagarsa.com\/it\/wp-json\/wp\/v2\/pages"}],"about":[{"href":"https:\/\/nagarsa.com\/it\/wp-json\/wp\/v2\/types\/page"}],"author":[{"embeddable":true,"href":"https:\/\/nagarsa.com\/it\/wp-json\/wp\/v2\/users\/1"}],"replies":[{"embeddable":true,"href":"https:\/\/nagarsa.com\/it\/wp-json\/wp\/v2\/comments?post=13462"}],"version-history":[{"count":1,"href":"https:\/\/nagarsa.com\/it\/wp-json\/wp\/v2\/pages\/13462\/revisions"}],"predecessor-version":[{"id":13472,"href":"https:\/\/nagarsa.com\/it\/wp-json\/wp\/v2\/pages\/13462\/revisions\/13472"}],"wp:attachment":[{"href":"https:\/\/nagarsa.com\/it\/wp-json\/wp\/v2\/media?parent=13462"}],"curies":[{"name":"wp","href":"https:\/\/api.w.org\/{rel}","templated":true}]}}