{"id":13399,"date":"2019-02-06T07:39:21","date_gmt":"2019-02-06T07:39:21","guid":{"rendered":"http:\/\/nagarsa.webtosell.es\/proyectos-3d\/"},"modified":"2019-02-11T15:54:23","modified_gmt":"2019-02-11T15:54:23","slug":"progetti-3d","status":"publish","type":"page","link":"https:\/\/nagarsa.com\/it\/progetti-3d\/","title":{"rendered":"PROGETTI 3D"},"content":{"rendered":"<div class=\"push \" style=\"height:30px\"><\/div>\n<div class=\"limit-wrapper\"><div class=\"row \"><div class=\"wpv-grid grid-1-1  wpv-first-level first unextended no-extended-padding\" style=\"padding-top:0.05px;padding-bottom:0.05px;\" id=\"wpv-column-70be2f15dab56eda71624d4689a26e58\" ><h2 style=\"text-align: center;\">Progettazione e sviluppo nella tecnologia 3D<\/h2>\n<p>La nostra azienda progetta tutti i modelli con tecnologia 3D. Fin dall&#8217;inizio, con la <strong>digitalizzazione di modelli e curve di rottura<\/strong>, alla successiva creazione del modello, il cliente pu\u00f2 seguire il suo sviluppo meticolosamente.<\/p>\n<p>Utilizziamo un <strong>potente strumento di progettazione e rendering<\/strong> per ottenere un risultato eccellente. Questo metodo di lavoro riduce al minimo le spese e ottimizza la creazione del pezzo, apportando modifiche o modifiche durante la creazione senza dover stampare il pezzo fisico.<\/p>\n<p>Anche cos\u00ec, prima di stampare l&#8217;ultimo pezzo di ghisa, abbiamo stampato un modello flessibile in materiale TPU per la revisione, e anche per il suo test funzionale. Sia la stampa flessibile che la stampa rigida finale, sono realizzate con stampanti di ultima generazione, garantendo un risultato di eccellente qualit\u00e0 e dettaglio.<\/p>\n<p>Questa tecnologia \u00e8 a disposizione del cliente per i suoi sviluppi personalizzati, rispettando rigorosamente le attuali normative in materia di sicurezza e protezione dei dati.<\/p>\n<p><div id='gallery-1' class='gallery galleryid-13399 gallery-columns-3 gallery-size-large'><figure class='gallery-item'>\n\t\t\t<div class='gallery-icon landscape'>\n\t\t\t\t<a href='https:\/\/nagarsa.com\/wp-content\/uploads\/2019\/02\/Boceto-Violeta.jpg'><img width=\"1024\" height=\"744\" src=\"https:\/\/nagarsa.com\/wp-content\/uploads\/2019\/02\/Boceto-Violeta-1024x744.jpg\" class=\"attachment-large size-large\" alt=\"\" loading=\"lazy\" srcset=\"https:\/\/nagarsa.com\/wp-content\/uploads\/2019\/02\/Boceto-Violeta-1024x744.jpg 1024w, https:\/\/nagarsa.com\/wp-content\/uploads\/2019\/02\/Boceto-Violeta-300x218.jpg 300w, https:\/\/nagarsa.com\/wp-content\/uploads\/2019\/02\/Boceto-Violeta-768x558.jpg 768w, https:\/\/nagarsa.com\/wp-content\/uploads\/2019\/02\/Boceto-Violeta-800x582.jpg 800w, https:\/\/nagarsa.com\/wp-content\/uploads\/2019\/02\/Boceto-Violeta-1140x829.jpg 1140w, https:\/\/nagarsa.com\/wp-content\/uploads\/2019\/02\/Boceto-Violeta-555x403.jpg 555w, https:\/\/nagarsa.com\/wp-content\/uploads\/2019\/02\/Boceto-Violeta-360x262.jpg 360w, https:\/\/nagarsa.com\/wp-content\/uploads\/2019\/02\/Boceto-Violeta-262x190.jpg 262w, https:\/\/nagarsa.com\/wp-content\/uploads\/2019\/02\/Boceto-Violeta-1320x959.jpg 1320w, https:\/\/nagarsa.com\/wp-content\/uploads\/2019\/02\/Boceto-Violeta-600x436.jpg 600w, https:\/\/nagarsa.com\/wp-content\/uploads\/2019\/02\/Boceto-Violeta.jpg 1600w\" sizes=\"(max-width: 1024px) 100vw, 1024px\" \/><\/a>\n\t\t\t<\/div><\/figure><figure class='gallery-item'>\n\t\t\t<div class='gallery-icon landscape'>\n\t\t\t\t<a href='https:\/\/nagarsa.com\/wp-content\/uploads\/2019\/02\/Boceto-Tiger.jpg'><img width=\"1024\" height=\"744\" src=\"https:\/\/nagarsa.com\/wp-content\/uploads\/2019\/02\/Boceto-Tiger-1024x744.jpg\" class=\"attachment-large size-large\" alt=\"\" loading=\"lazy\" srcset=\"https:\/\/nagarsa.com\/wp-content\/uploads\/2019\/02\/Boceto-Tiger-1024x744.jpg 1024w, https:\/\/nagarsa.com\/wp-content\/uploads\/2019\/02\/Boceto-Tiger-300x218.jpg 300w, https:\/\/nagarsa.com\/wp-content\/uploads\/2019\/02\/Boceto-Tiger-768x558.jpg 768w, https:\/\/nagarsa.com\/wp-content\/uploads\/2019\/02\/Boceto-Tiger-800x582.jpg 800w, https:\/\/nagarsa.com\/wp-content\/uploads\/2019\/02\/Boceto-Tiger-1140x829.jpg 1140w, https:\/\/nagarsa.com\/wp-content\/uploads\/2019\/02\/Boceto-Tiger-555x403.jpg 555w, https:\/\/nagarsa.com\/wp-content\/uploads\/2019\/02\/Boceto-Tiger-360x262.jpg 360w, https:\/\/nagarsa.com\/wp-content\/uploads\/2019\/02\/Boceto-Tiger-262x190.jpg 262w, https:\/\/nagarsa.com\/wp-content\/uploads\/2019\/02\/Boceto-Tiger-1320x959.jpg 1320w, https:\/\/nagarsa.com\/wp-content\/uploads\/2019\/02\/Boceto-Tiger-600x436.jpg 600w, https:\/\/nagarsa.com\/wp-content\/uploads\/2019\/02\/Boceto-Tiger.jpg 1600w\" sizes=\"(max-width: 1024px) 100vw, 1024px\" \/><\/a>\n\t\t\t<\/div><\/figure><figure class='gallery-item'>\n\t\t\t<div class='gallery-icon landscape'>\n\t\t\t\t<a href='https:\/\/nagarsa.com\/wp-content\/uploads\/2019\/02\/Boceto-Prince.jpg'><img width=\"1024\" height=\"744\" src=\"https:\/\/nagarsa.com\/wp-content\/uploads\/2019\/02\/Boceto-Prince-1024x744.jpg\" class=\"attachment-large size-large\" alt=\"\" loading=\"lazy\" srcset=\"https:\/\/nagarsa.com\/wp-content\/uploads\/2019\/02\/Boceto-Prince-1024x744.jpg 1024w, https:\/\/nagarsa.com\/wp-content\/uploads\/2019\/02\/Boceto-Prince-300x218.jpg 300w, https:\/\/nagarsa.com\/wp-content\/uploads\/2019\/02\/Boceto-Prince-768x558.jpg 768w, https:\/\/nagarsa.com\/wp-content\/uploads\/2019\/02\/Boceto-Prince-800x582.jpg 800w, https:\/\/nagarsa.com\/wp-content\/uploads\/2019\/02\/Boceto-Prince-1140x829.jpg 1140w, https:\/\/nagarsa.com\/wp-content\/uploads\/2019\/02\/Boceto-Prince-555x403.jpg 555w, https:\/\/nagarsa.com\/wp-content\/uploads\/2019\/02\/Boceto-Prince-360x262.jpg 360w, https:\/\/nagarsa.com\/wp-content\/uploads\/2019\/02\/Boceto-Prince-262x190.jpg 262w, https:\/\/nagarsa.com\/wp-content\/uploads\/2019\/02\/Boceto-Prince-1320x959.jpg 1320w, https:\/\/nagarsa.com\/wp-content\/uploads\/2019\/02\/Boceto-Prince-600x436.jpg 600w, https:\/\/nagarsa.com\/wp-content\/uploads\/2019\/02\/Boceto-Prince.jpg 1600w\" sizes=\"(max-width: 1024px) 100vw, 1024px\" \/><\/a>\n\t\t\t<\/div><\/figure>\n\t\t<\/div>\n<\/p>\n<p><div id='gallery-2' class='gallery galleryid-13399 gallery-columns-3 gallery-size-large'><figure class='gallery-item'>\n\t\t\t<div class='gallery-icon landscape'>\n\t\t\t\t<a href='https:\/\/nagarsa.com\/wp-content\/uploads\/2019\/02\/prince-blanco.jpg'><img width=\"1024\" height=\"768\" src=\"https:\/\/nagarsa.com\/wp-content\/uploads\/2019\/02\/prince-blanco-1024x768.jpg\" class=\"attachment-large size-large\" alt=\"\" loading=\"lazy\" srcset=\"https:\/\/nagarsa.com\/wp-content\/uploads\/2019\/02\/prince-blanco-1024x768.jpg 1024w, https:\/\/nagarsa.com\/wp-content\/uploads\/2019\/02\/prince-blanco-300x225.jpg 300w, https:\/\/nagarsa.com\/wp-content\/uploads\/2019\/02\/prince-blanco-768x576.jpg 768w, https:\/\/nagarsa.com\/wp-content\/uploads\/2019\/02\/prince-blanco-800x600.jpg 800w, https:\/\/nagarsa.com\/wp-content\/uploads\/2019\/02\/prince-blanco-1140x855.jpg 1140w, https:\/\/nagarsa.com\/wp-content\/uploads\/2019\/02\/prince-blanco-555x416.jpg 555w, https:\/\/nagarsa.com\/wp-content\/uploads\/2019\/02\/prince-blanco-360x270.jpg 360w, https:\/\/nagarsa.com\/wp-content\/uploads\/2019\/02\/prince-blanco-262x197.jpg 262w, https:\/\/nagarsa.com\/wp-content\/uploads\/2019\/02\/prince-blanco-1320x990.jpg 1320w, https:\/\/nagarsa.com\/wp-content\/uploads\/2019\/02\/prince-blanco-400x300.jpg 400w, https:\/\/nagarsa.com\/wp-content\/uploads\/2019\/02\/prince-blanco-600x450.jpg 600w, https:\/\/nagarsa.com\/wp-content\/uploads\/2019\/02\/prince-blanco.jpg 1600w\" sizes=\"(max-width: 1024px) 100vw, 1024px\" \/><\/a>\n\t\t\t<\/div><\/figure><figure class='gallery-item'>\n\t\t\t<div class='gallery-icon landscape'>\n\t\t\t\t<a href='https:\/\/nagarsa.com\/wp-content\/uploads\/2019\/02\/Tiger-Blanco.jpg'><img width=\"1024\" height=\"768\" src=\"https:\/\/nagarsa.com\/wp-content\/uploads\/2019\/02\/Tiger-Blanco-1024x768.jpg\" class=\"attachment-large size-large\" alt=\"\" loading=\"lazy\" srcset=\"https:\/\/nagarsa.com\/wp-content\/uploads\/2019\/02\/Tiger-Blanco-1024x768.jpg 1024w, https:\/\/nagarsa.com\/wp-content\/uploads\/2019\/02\/Tiger-Blanco-300x225.jpg 300w, https:\/\/nagarsa.com\/wp-content\/uploads\/2019\/02\/Tiger-Blanco-768x576.jpg 768w, https:\/\/nagarsa.com\/wp-content\/uploads\/2019\/02\/Tiger-Blanco-800x600.jpg 800w, https:\/\/nagarsa.com\/wp-content\/uploads\/2019\/02\/Tiger-Blanco-1140x855.jpg 1140w, https:\/\/nagarsa.com\/wp-content\/uploads\/2019\/02\/Tiger-Blanco-555x416.jpg 555w, https:\/\/nagarsa.com\/wp-content\/uploads\/2019\/02\/Tiger-Blanco-360x270.jpg 360w, https:\/\/nagarsa.com\/wp-content\/uploads\/2019\/02\/Tiger-Blanco-262x197.jpg 262w, https:\/\/nagarsa.com\/wp-content\/uploads\/2019\/02\/Tiger-Blanco-1320x990.jpg 1320w, https:\/\/nagarsa.com\/wp-content\/uploads\/2019\/02\/Tiger-Blanco-400x300.jpg 400w, https:\/\/nagarsa.com\/wp-content\/uploads\/2019\/02\/Tiger-Blanco-600x450.jpg 600w, https:\/\/nagarsa.com\/wp-content\/uploads\/2019\/02\/Tiger-Blanco.jpg 1600w\" sizes=\"(max-width: 1024px) 100vw, 1024px\" \/><\/a>\n\t\t\t<\/div><\/figure><figure class='gallery-item'>\n\t\t\t<div class='gallery-icon landscape'>\n\t\t\t\t<a href='https:\/\/nagarsa.com\/wp-content\/uploads\/2019\/02\/VIOLETTA-foto-5.jpg'><img width=\"1024\" height=\"768\" src=\"https:\/\/nagarsa.com\/wp-content\/uploads\/2019\/02\/VIOLETTA-foto-5-1024x768.jpg\" class=\"attachment-large size-large\" alt=\"\" loading=\"lazy\" srcset=\"https:\/\/nagarsa.com\/wp-content\/uploads\/2019\/02\/VIOLETTA-foto-5-1024x768.jpg 1024w, https:\/\/nagarsa.com\/wp-content\/uploads\/2019\/02\/VIOLETTA-foto-5-300x225.jpg 300w, https:\/\/nagarsa.com\/wp-content\/uploads\/2019\/02\/VIOLETTA-foto-5-768x576.jpg 768w, https:\/\/nagarsa.com\/wp-content\/uploads\/2019\/02\/VIOLETTA-foto-5-800x600.jpg 800w, https:\/\/nagarsa.com\/wp-content\/uploads\/2019\/02\/VIOLETTA-foto-5-1140x855.jpg 1140w, https:\/\/nagarsa.com\/wp-content\/uploads\/2019\/02\/VIOLETTA-foto-5-555x416.jpg 555w, https:\/\/nagarsa.com\/wp-content\/uploads\/2019\/02\/VIOLETTA-foto-5-360x270.jpg 360w, https:\/\/nagarsa.com\/wp-content\/uploads\/2019\/02\/VIOLETTA-foto-5-262x197.jpg 262w, https:\/\/nagarsa.com\/wp-content\/uploads\/2019\/02\/VIOLETTA-foto-5-1320x990.jpg 1320w, https:\/\/nagarsa.com\/wp-content\/uploads\/2019\/02\/VIOLETTA-foto-5-400x300.jpg 400w, https:\/\/nagarsa.com\/wp-content\/uploads\/2019\/02\/VIOLETTA-foto-5-600x450.jpg 600w, https:\/\/nagarsa.com\/wp-content\/uploads\/2019\/02\/VIOLETTA-foto-5.jpg 1600w\" sizes=\"(max-width: 1024px) 100vw, 1024px\" \/><\/a>\n\t\t\t<\/div><\/figure>\n\t\t<\/div>\n<\/p>\n<p><div id='gallery-3' class='gallery galleryid-13399 gallery-columns-3 gallery-size-large'><figure class='gallery-item'>\n\t\t\t<div class='gallery-icon landscape'>\n\t\t\t\t<a href='https:\/\/nagarsa.com\/wp-content\/uploads\/2019\/02\/render.jpg'><img width=\"1024\" height=\"531\" src=\"https:\/\/nagarsa.com\/wp-content\/uploads\/2019\/02\/render-1024x531.jpg\" class=\"attachment-large size-large\" alt=\"\" loading=\"lazy\" srcset=\"https:\/\/nagarsa.com\/wp-content\/uploads\/2019\/02\/render-1024x531.jpg 1024w, https:\/\/nagarsa.com\/wp-content\/uploads\/2019\/02\/render-300x156.jpg 300w, https:\/\/nagarsa.com\/wp-content\/uploads\/2019\/02\/render-768x398.jpg 768w, https:\/\/nagarsa.com\/wp-content\/uploads\/2019\/02\/render-800x415.jpg 800w, https:\/\/nagarsa.com\/wp-content\/uploads\/2019\/02\/render-1140x591.jpg 1140w, https:\/\/nagarsa.com\/wp-content\/uploads\/2019\/02\/render-555x288.jpg 555w, https:\/\/nagarsa.com\/wp-content\/uploads\/2019\/02\/render-360x187.jpg 360w, https:\/\/nagarsa.com\/wp-content\/uploads\/2019\/02\/render-262x136.jpg 262w, https:\/\/nagarsa.com\/wp-content\/uploads\/2019\/02\/render-1320x685.jpg 1320w, https:\/\/nagarsa.com\/wp-content\/uploads\/2019\/02\/render-600x311.jpg 600w, https:\/\/nagarsa.com\/wp-content\/uploads\/2019\/02\/render.jpg 1600w\" sizes=\"(max-width: 1024px) 100vw, 1024px\" \/><\/a>\n\t\t\t<\/div><\/figure><figure class='gallery-item'>\n\t\t\t<div class='gallery-icon landscape'>\n\t\t\t\t<a href='https:\/\/nagarsa.com\/wp-content\/uploads\/2019\/02\/Render-Wally.jpg'><img width=\"1024\" height=\"621\" src=\"https:\/\/nagarsa.com\/wp-content\/uploads\/2019\/02\/Render-Wally-1024x621.jpg\" class=\"attachment-large size-large\" alt=\"\" loading=\"lazy\" srcset=\"https:\/\/nagarsa.com\/wp-content\/uploads\/2019\/02\/Render-Wally-1024x621.jpg 1024w, https:\/\/nagarsa.com\/wp-content\/uploads\/2019\/02\/Render-Wally-300x182.jpg 300w, https:\/\/nagarsa.com\/wp-content\/uploads\/2019\/02\/Render-Wally-768x466.jpg 768w, https:\/\/nagarsa.com\/wp-content\/uploads\/2019\/02\/Render-Wally-800x485.jpg 800w, https:\/\/nagarsa.com\/wp-content\/uploads\/2019\/02\/Render-Wally-1140x691.jpg 1140w, https:\/\/nagarsa.com\/wp-content\/uploads\/2019\/02\/Render-Wally-555x336.jpg 555w, https:\/\/nagarsa.com\/wp-content\/uploads\/2019\/02\/Render-Wally-360x218.jpg 360w, https:\/\/nagarsa.com\/wp-content\/uploads\/2019\/02\/Render-Wally-262x159.jpg 262w, https:\/\/nagarsa.com\/wp-content\/uploads\/2019\/02\/Render-Wally-1320x800.jpg 1320w, https:\/\/nagarsa.com\/wp-content\/uploads\/2019\/02\/Render-Wally-600x364.jpg 600w, https:\/\/nagarsa.com\/wp-content\/uploads\/2019\/02\/Render-Wally.jpg 1600w\" sizes=\"(max-width: 1024px) 100vw, 1024px\" \/><\/a>\n\t\t\t<\/div><\/figure><figure class='gallery-item'>\n\t\t\t<div class='gallery-icon landscape'>\n\t\t\t\t<a href='https:\/\/nagarsa.com\/wp-content\/uploads\/2019\/02\/Gante.jpg'><img width=\"1024\" height=\"614\" src=\"https:\/\/nagarsa.com\/wp-content\/uploads\/2019\/02\/Gante-1024x614.jpg\" class=\"attachment-large size-large\" alt=\"\" loading=\"lazy\" srcset=\"https:\/\/nagarsa.com\/wp-content\/uploads\/2019\/02\/Gante-1024x614.jpg 1024w, https:\/\/nagarsa.com\/wp-content\/uploads\/2019\/02\/Gante-300x180.jpg 300w, https:\/\/nagarsa.com\/wp-content\/uploads\/2019\/02\/Gante-768x461.jpg 768w, https:\/\/nagarsa.com\/wp-content\/uploads\/2019\/02\/Gante-800x480.jpg 800w, https:\/\/nagarsa.com\/wp-content\/uploads\/2019\/02\/Gante-1140x684.jpg 1140w, https:\/\/nagarsa.com\/wp-content\/uploads\/2019\/02\/Gante-555x333.jpg 555w, https:\/\/nagarsa.com\/wp-content\/uploads\/2019\/02\/Gante-360x216.jpg 360w, https:\/\/nagarsa.com\/wp-content\/uploads\/2019\/02\/Gante-262x157.jpg 262w, https:\/\/nagarsa.com\/wp-content\/uploads\/2019\/02\/Gante-1320x792.jpg 1320w, https:\/\/nagarsa.com\/wp-content\/uploads\/2019\/02\/Gante-600x360.jpg 600w, https:\/\/nagarsa.com\/wp-content\/uploads\/2019\/02\/Gante.jpg 1600w\" sizes=\"(max-width: 1024px) 100vw, 1024px\" \/><\/a>\n\t\t\t<\/div><\/figure>\n\t\t<\/div>\n<\/p>\n<p>Tieni presente che se hai nuovi sviluppi, puoi contattarci, perch\u00e9 in meno di 48 ore siamo in grado di stampare in 3D l&#8217;unica che desideri. Questo prototipo pu\u00f2 essere attaccato al taglio per effettuare regolazioni e prove di adattamento, molto prima dell&#8217;invio per realizzare il nuovo stampo.<\/p>\n<p>Invece di 30 giorni di sviluppo secondo il metodo tradizionale, con il 3D si avrebbe<strong> uno sviluppo in un massimo di 15 giorni<\/strong> e il processo \u00e8 interamente realizzato a Nagarsa per garantire la riservatezza.<\/p>\n<h2>Protocollo:<\/h2>\n<ol>\n<li>La tua idea di design \u00e8 stata convertita in un file Render (3D)<\/li>\n<li>Convalida del 3D per stampare il prototipo della suola in TPU.<\/li>\n<li>L&#8217;invio della suola 3D per adattarsi, adatta per il prototipo di scarpa.<\/li>\n<li>Conferma del prototipo per iniziare a stampare il modello in resina.<\/li>\n<li>Fabbricazione di stampi.<\/li>\n<\/ol>\n<p>Gli articoli che vengono visualizzati sul nostro sito sono per lo pi\u00f9 &#8220;rendering&#8221; di file 3D, molto reali e precisi.<\/p>\n<p>3D consente anche trame e finiture molto fini che altrimenti non potrebbero essere realizzate.<\/p>\n<p>In sintesi, \u00e8 un investimento che scegliamo di fare per differenziarci e lavorare in modo pi\u00f9 efficiente, veloce e con una migliore qualit\u00e0.<\/div><\/div><\/div>\n","protected":false},"excerpt":{"rendered":"<p>Progettazione e sviluppo nella tecnologia 3D La nostra azienda progetta tutti i modelli con tecnologia 3D. Fin dall&#8217;inizio, con la digitalizzazione di modelli e curve di rottura, alla successiva creazione del modello, il cliente pu\u00f2 seguire il suo sviluppo meticolosamente. Utilizziamo un potente strumento di progettazione e rendering per ottenere un risultato eccellente. Questo metodo&#8230;<\/p>\n","protected":false},"author":1,"featured_media":0,"parent":0,"menu_order":0,"comment_status":"closed","ping_status":"closed","template":"","meta":[],"_links":{"self":[{"href":"https:\/\/nagarsa.com\/it\/wp-json\/wp\/v2\/pages\/13399"}],"collection":[{"href":"https:\/\/nagarsa.com\/it\/wp-json\/wp\/v2\/pages"}],"about":[{"href":"https:\/\/nagarsa.com\/it\/wp-json\/wp\/v2\/types\/page"}],"author":[{"embeddable":true,"href":"https:\/\/nagarsa.com\/it\/wp-json\/wp\/v2\/users\/1"}],"replies":[{"embeddable":true,"href":"https:\/\/nagarsa.com\/it\/wp-json\/wp\/v2\/comments?post=13399"}],"version-history":[{"count":3,"href":"https:\/\/nagarsa.com\/it\/wp-json\/wp\/v2\/pages\/13399\/revisions"}],"predecessor-version":[{"id":13413,"href":"https:\/\/nagarsa.com\/it\/wp-json\/wp\/v2\/pages\/13399\/revisions\/13413"}],"wp:attachment":[{"href":"https:\/\/nagarsa.com\/it\/wp-json\/wp\/v2\/media?parent=13399"}],"curies":[{"name":"wp","href":"https:\/\/api.w.org\/{rel}","templated":true}]}}