{"id":13308,"date":"2018-12-19T08:43:14","date_gmt":"2018-12-19T08:43:14","guid":{"rendered":"http:\/\/nagarsa.webtosell.es\/politica-privacidad\/"},"modified":"2019-02-04T11:29:12","modified_gmt":"2019-02-04T11:29:12","slug":"politica-sulla-riservatezza","status":"publish","type":"page","link":"https:\/\/nagarsa.com\/it\/politica-sulla-riservatezza\/","title":{"rendered":"Politica sulla riservatezza"},"content":{"rendered":"<div class=\"limit-wrapper\"><div class=\"row \"><div class=\"wpv-grid grid-1-1  wpv-first-level first unextended no-extended-padding\" style=\"padding-top:0.05px;padding-bottom:0.05px;\" id=\"wpv-column-492ae6730ca38b2cb55bc95b55ff9c12\" ><p>A trav\u00e9s de Nagarsa S.L (en adelante, Sitio Web) no se recaban datos de car\u00e1cter personal de los usuarios sin su conocimiento, ni se ceden a terceros.<\/p>\n<p>Nagarsa S.L contiene enlaces a sitios web de terceros, cuyas pol\u00edticas de privacidad son ajenas a Nagarsa S.L. Al acceder a tales sitios web, usted puede decidir si acepta sus pol\u00edticas de privacidad y de cookies.<\/p>\n<h2>Obtenci\u00f3n de Informaci\u00f3n Personal en este sitio web<\/h2>\n<p>Nagarsa S.L solicita siempre el consentimiento previo de los usuarios para obtener y para hacer uso de sus datos personales con los fines indicados. Cualquier usuario tiene derecho a revocar su consentimiento previo en cualquier momento.<\/p>\n<p>Los casos en los que esta web requiere datos personales son:<\/p>\n<ul>\n<li>Para comentar post publicados en el blog.<\/li>\n<li>Para realizar consultas a trav\u00e9s del formulario de contacto.<\/li>\n<li>Para descargar alg\u00fan tipo de recurso gratuito<\/li>\n<\/ul>\n<p>Los Datos de Car\u00e1cter Personal recabados ser\u00e1n, salvo que se indique lo contrario, el nombre y correo electr\u00f3nico del usuario web.<\/p>\n<p>En algunos casos, la informaci\u00f3n sobre los visitantes de este sitio puede compartirse de manera an\u00f3nima con terceros, tales como anunciantes de publicidad, patrocinadores o afiliados, con el \u00fanico objetivo de mejorar los servicios que este sitio web ofrece a sus usuarios, y para financiar el sitio web. Todas estas tareas de procesamiento se llevan a cabo seg\u00fan la normativa vigente. En todo momento se respetar\u00e1n los derechos de los usuarios en materia de protecci\u00f3n de datos conforme a la ley.<\/p>\n<p>En todo momento y en todo caso, el usuario tiene plenos derechos sobre sus datos personales y sobre el uso de los mismos y podr\u00e1 ejercitarlos en cualquier momento.<\/p>\n<h2>M\u00e9todos para obtener informaci\u00f3n personal de este sitio web<\/h2>\n<p>Nagarsa S.L utiliza los siguientes m\u00e9todos de captaci\u00f3n de informaci\u00f3n personal:<\/p>\n<ol>\n<li>Formulario de comentarios: En la web existen formularios para poder enviar un comentario a una determina p\u00e1gina de la web. En este formulario se solicita al usuario un nombre y una direcci\u00f3n de correo electr\u00f3nico. Estos datos se utilizan \u00fanicamente para publicar, despublicar y moderar dichos comentarios.<\/li>\n<li>Formulario de contacto: En la web existe un formulario de contacto para que cualquier usuario de la web pueda enviar mensajes, quejas, sugerencias o solicitudes al responsable legal de la misma. La direcci\u00f3n de correo electr\u00f3nico facilitada en este formulario de contacto se utilizar\u00e1 para responder a los mensajes y para enviar la informaci\u00f3n que el usuario haya solicitado.<\/li>\n<li>Cookies: Durante la navegaci\u00f3n por este sitio web se almacenan cookies en el ordenador del usuario. Cualquier usuario puede consultar el documento de Pol\u00edtica de Cookies para conocer c\u00f3mo se usan las cookies y c\u00f3mo puede desactivarlas.<\/li>\n<li>Navegaci\u00f3n y Direcci\u00f3n IP: Durante la navegaci\u00f3n por este sitio web, el usuario env\u00eda autom\u00e1ticamente al servidor de la web la informaci\u00f3n de su direcci\u00f3n de IP, la fecha y hora de acceso a la web, el sistema operativo y el navegador que se ha utilizado para acceder al sitio web. Tambi\u00e9n se pueden enviar datos relativos a la direcci\u00f3n web desde la cual el usuario ha accedido a este sitio web. La Agencia Espa\u00f1ola de Protecci\u00f3n de Datos considera que la direcci\u00f3n IP es un dato de car\u00e1cter personal. Nagarsa S.L en ning\u00fan momento usar\u00e1 la direcci\u00f3n IP para identificar a sus usuarios. Solo la utilizar\u00e1 y la guardar\u00e1 para elaborar estad\u00edsticas de acceso al sitio web y para analizar tendencias de comportamiento de los usuarios dentro de Nagarsa S.L.<\/li>\n<li>Formularios de descargas gratuitas de gu\u00edas y lienzos en pdf<br \/>\nNagarsa S.L nunca comunicar\u00e1 o ceder\u00e1 estos datos a terceros, salvo requerimiento legal o judicial.<\/li>\n<\/ol>\n<h2>Servicios ofrecidos por terceros en esta web<\/h2>\n<p>Para prestar servicios estrictamente necesarios para el desarrollo de su actividad, Nagarsa S.L utiliza diferentes servicios. Cada uno de ellos ejerce su actividad bajo sus propias pol\u00edticas de privacidad.<\/p>\n<p>Nagarsa S.L puede estudiar los patrones de comportamiento de sus visitantes para realizar an\u00e1lisis de audiencia y adaptar todo lo posible los contenidos que se ofrecen en el sitio web a las preferencias de sus usuarios.<\/p>\n<p>Cualquier usuario de la web y cualquier persona f\u00edsica o jur\u00eddica puede enlazar desde su sitio web a Nagarsa S.L. Esta acci\u00f3n en ning\u00fan caso implica relaci\u00f3n de ning\u00fan tipo entre Nagarsa S.L y el propietario del sitio o de la p\u00e1gina web enlazada. Tampoco implica que Nagarsa S.L acepte ni aprueba total o parcialmente los contenidos o los servicios de las p\u00e1ginas web que enlacen hacia ella.<\/p>\n<p>Nagarsa S.L siempre se reserva el derecho de prohibir o inhabilitar cualquier enlace hacia el sitio web Nagarsa S.L.<\/p>\n<h2>Sobre la Exactitud y Veracidad de los Datos<\/h2>\n<p>El usuario de este sitio web garantiza que los datos personales facilitados a trav\u00e9s de los diferentes formularios son exactos y veraces.<\/p>\n<p>El usuario de este sitio web garantiza que toda la informaci\u00f3n facilitada dentro del sitio web es veraz y es exacta en el d\u00eda en que se facilita dicha informaci\u00f3n.<\/p>\n<p>El usuario de este sitio web est\u00e1 obligado a preservar la exactitud de sus datos y a mantenerlos actualizados.<\/p>\n<p>El usuario de este sitio web es el \u00fanico responsable de la inexactitud o falsedad de los datos que haya facilitado, y de los perjuicios derivados de esa falsedad que se puedan causar al sitio web Nagarsa S.L y a su responsable legal.<\/p>\n<h2>Ejercicio de los derechos ARCO<\/h2>\n<p>Los usuarios de esta web tienen los siguientes derechos:<\/p>\n<p>Consultar qu\u00e9 datos personales almacenamos sobre el usuario de este sitio web en cualquier momento.<br \/>\nSolicitar la actualizaci\u00f3n o modificaci\u00f3n de datos incorrectos almacenados sobre el usuario.<br \/>\nPara ejercitar los derechos de acceso, rectificaci\u00f3n, cancelaci\u00f3n y oposici\u00f3n de sus datos, los usuarios pueden enviar un correo electr\u00f3nico a la direcci\u00f3n Nagarsa S.L: nagarsa@nagarsa.com. Dicha solicitud debe ir acompa\u00f1ada de una prueba de identidad v\u00e1lida en derecho (fotocopia del D.N.I. o documento equivalente).<\/p>\n<h2>Aceptaci\u00f3n y consentimiento<\/h2>\n<p>El usuario de este sitio web declara haber sido informado de las condiciones sobre protecci\u00f3n de datos de car\u00e1cter personal. El usuario de este sitio web acepta y consiente el tratamiento de esos datos por parte del sitio web Nagarsa S.L, de la manera y para los fines indicados en el documento de Aviso Legal de esta misma web.<\/p>\n<h2>Env\u00edo y Regulaci\u00f3n de Correos Comerciales<\/h2>\n<p>De acuerdo con la LSSICE, Nagarsa S.L no realiza pr\u00e1cticas de SPAM y nunca env\u00eda correos electr\u00f3nicos comerciales sin solicitud o sin consentimiento previo del usuario.<\/p>\n<p>Esta Pol\u00edtica de Privacidad ha sido actualizada el d\u00eda 02 de marzo de 2018<\/div><\/div><\/div>\n","protected":false},"excerpt":{"rendered":"<p>A trav\u00e9s de Nagarsa S.L (en adelante, Sitio Web) no se recaban datos de car\u00e1cter personal de los usuarios sin su conocimiento, ni se ceden a terceros. Nagarsa S.L contiene enlaces a sitios web de terceros, cuyas pol\u00edticas de privacidad son ajenas a Nagarsa S.L. Al acceder a tales sitios web, usted puede decidir si&#8230;<\/p>\n","protected":false},"author":1,"featured_media":0,"parent":0,"menu_order":0,"comment_status":"closed","ping_status":"open","template":"","meta":[],"_links":{"self":[{"href":"https:\/\/nagarsa.com\/it\/wp-json\/wp\/v2\/pages\/13308"}],"collection":[{"href":"https:\/\/nagarsa.com\/it\/wp-json\/wp\/v2\/pages"}],"about":[{"href":"https:\/\/nagarsa.com\/it\/wp-json\/wp\/v2\/types\/page"}],"author":[{"embeddable":true,"href":"https:\/\/nagarsa.com\/it\/wp-json\/wp\/v2\/users\/1"}],"replies":[{"embeddable":true,"href":"https:\/\/nagarsa.com\/it\/wp-json\/wp\/v2\/comments?post=13308"}],"version-history":[{"count":1,"href":"https:\/\/nagarsa.com\/it\/wp-json\/wp\/v2\/pages\/13308\/revisions"}],"predecessor-version":[{"id":13313,"href":"https:\/\/nagarsa.com\/it\/wp-json\/wp\/v2\/pages\/13308\/revisions\/13313"}],"wp:attachment":[{"href":"https:\/\/nagarsa.com\/it\/wp-json\/wp\/v2\/media?parent=13308"}],"curies":[{"name":"wp","href":"https:\/\/api.w.org\/{rel}","templated":true}]}}