{"id":12737,"date":"2013-03-15T12:36:27","date_gmt":"2013-03-15T12:36:27","guid":{"rendered":"http:\/\/nagarsa.webtosell.es\/home\/"},"modified":"2019-01-29T11:46:59","modified_gmt":"2019-01-29T11:46:59","slug":"home","status":"publish","type":"page","link":"https:\/\/nagarsa.com\/fr\/home\/","title":{"rendered":"Home"},"content":{"rendered":"<div class=\"row \"><div class=\"wpv-grid grid-1-1  wpv-first-level parallax-bg first has-background extended-content unextended has-extended-padding\" style=\"background-color:#FFFFF;padding-top:0.05px;padding-bottom:0.05px;padding-left:15px;padding-right:15px;\" id=\"wpv-column-3ef2ffa48653a005ea22ca8f75687a8a\"  data-parallax-method=\"to-centre\" data-parallax-inertia=\"-0.3\"><div class=\"extended-column-inner\"><style>#wpv-column-3ef2ffa48653a005ea22ca8f75687a8a:before{background-color:transparent;}<\/style><div class=\"row \"><div class=\"wpv-grid grid-1-3  first unextended no-extended-padding\" style=\"padding-top:0.05px;padding-bottom:0.05px;\" id=\"wpv-column-6b256f28cc4fe340467fdf541a8bf76b\" >\t\t<div class=\"sep-text single centered\">\r\n\t\t\t\t\t\t\t<span class=\"sep-text-before\"><div class=\"sep-text-line\"><\/div><\/span>\r\n\t\t\t\t\t\t<div class=\"content\">\r\n\t\t\t\t<h2 class=\"regular-title-wrapper\">\t\t\t\t\tAMBERES\t\t\t\t<\/h2>\t\t\t<\/div>\r\n\t\t\t<span class=\"sep-text-after\"><div class=\"sep-text-line\"><\/div><\/span>\r\n\t\t\t\t\t<\/div>\r\n\t<p><a href=\"\/?page_id=12727\"><img loading=\"lazy\" class=\"alignnone size-full\" src=\"http:\/\/nagarsa.com\/wp-content\/uploads\/2018\/12\/amberes-1.jpg\" width=\"800\" height=\"600\" \/> <\/a><\/p>\n<p>R\u00e9f: AMBERES<\/p>\n<p><span style=\"color: #c63933;\">POINTURE<\/span>: 36 y 41<\/p>\n<p>CARACT\u00c9RISTIQUES: TR, TR LIGHT<\/p>\n<p><a href=\"http:\/\/nagarsa.com\/fr\/contact\/\">Plus d&rsquo;informations<\/a><\/div>\n<div class=\"wpv-grid grid-1-3  unextended no-extended-padding\" style=\"padding-top:0.05px;padding-bottom:0.05px;\" id=\"wpv-column-4676cc406f30f5b0a81943b9dcb3fcca\" >\t\t<div class=\"sep-text single centered\">\r\n\t\t\t\t\t\t\t<span class=\"sep-text-before\"><div class=\"sep-text-line\"><\/div><\/span>\r\n\t\t\t\t\t\t<div class=\"content\">\r\n\t\t\t\t<h2 class=\"regular-title-wrapper\">\t\t\t\t\tCRETA\t\t\t\t<\/h2>\t\t\t<\/div>\r\n\t\t\t<span class=\"sep-text-after\"><div class=\"sep-text-line\"><\/div><\/span>\r\n\t\t\t\t\t<\/div>\r\n\t<p><a href=\"\/?page_id=12727\"><img loading=\"lazy\" class=\"alignnone size-full\" src=\"http:\/\/nagarsa.com\/wp-content\/uploads\/2018\/12\/Creta.jpeg\" width=\"800\" height=\"600\" \/> <\/a><br \/>\nR\u00e9f: CRETA<\/p>\n<p><span style=\"color: #c63933;\">POINTURE<\/span>: 37<\/p>\n<p>CARACT\u00c9RISTIQUES: TR<\/p>\n<p><a href=\"http:\/\/nagarsa.com\/fr\/contact\/\">Plus d&rsquo;informations<\/a><\/div>\n<div class=\"wpv-grid grid-1-3  unextended no-extended-padding\" style=\"padding-top:0.05px;padding-bottom:0.05px;\" id=\"wpv-column-5f0da2486ac32af8bdb26c100e5b2fdc\" >\t\t<div class=\"sep-text single centered\">\r\n\t\t\t\t\t\t\t<span class=\"sep-text-before\"><div class=\"sep-text-line\"><\/div><\/span>\r\n\t\t\t\t\t\t<div class=\"content\">\r\n\t\t\t\t<h2 class=\"regular-title-wrapper\">\t\t\t\t\tGAB\t\t\t\t<\/h2>\t\t\t<\/div>\r\n\t\t\t<span class=\"sep-text-after\"><div class=\"sep-text-line\"><\/div><\/span>\r\n\t\t\t\t\t<\/div>\r\n\t<p><a href=\"\/?page_id=12727\"><img loading=\"lazy\" class=\"alignnone size-full\" src=\"http:\/\/nagarsa.com\/wp-content\/uploads\/2018\/12\/gab.jpg\" width=\"800\" height=\"600\" \/> <\/a><br \/>\nR\u00e9f: GAB<\/p>\n<p><span style=\"color: #c63933;\">POINTURE<\/span>: 36\/41<\/p>\n<p>CARACT\u00c9RISTIQUES: TPU<\/p>\n<p><a href=\"http:\/\/nagarsa.com\/fr\/contact\/\">Plus d&rsquo;informations<\/a><\/div><\/div>\n<div class=\"row \"><div class=\"wpv-grid grid-1-3  first unextended no-extended-padding\" style=\"padding-top:0.05px;padding-bottom:0.05px;\" id=\"wpv-column-5450eaed825ffb6be1846eb1da76c7a6\" >\t\t<div class=\"sep-text single centered\">\r\n\t\t\t\t\t\t\t<span class=\"sep-text-before\"><div class=\"sep-text-line\"><\/div><\/span>\r\n\t\t\t\t\t\t<div class=\"content\">\r\n\t\t\t\t<h2 class=\"regular-title-wrapper\">\t\t\t\t\tHELIANA\t\t\t\t<\/h2>\t\t\t<\/div>\r\n\t\t\t<span class=\"sep-text-after\"><div class=\"sep-text-line\"><\/div><\/span>\r\n\t\t\t\t\t<\/div>\r\n\t<p><a href=\"\/?page_id=12727\"><img loading=\"lazy\" class=\"alignnone size-full\" src=\"http:\/\/nagarsa.com\/wp-content\/uploads\/2018\/12\/heliana.jpg\" width=\"800\" height=\"600\" \/> <\/a><br \/>\nR\u00e9f: HELIANA<\/p>\n<p><span style=\"color: #c63933;\">POINTURE<\/span>: 36\/41<\/p>\n<p>CARACT\u00c9RISTIQUES: TR, TPU<\/p>\n<p><a href=\"http:\/\/nagarsa.com\/fr\/contact\/\">Plus d&rsquo;informations<\/a><\/div>\n<div class=\"wpv-grid grid-1-3  unextended no-extended-padding\" style=\"padding-top:0.05px;padding-bottom:0.05px;\" id=\"wpv-column-2eb3b89e45d34a6118a7a7fe477956fc\" >\t\t<div class=\"sep-text single centered\">\r\n\t\t\t\t\t\t\t<span class=\"sep-text-before\"><div class=\"sep-text-line\"><\/div><\/span>\r\n\t\t\t\t\t\t<div class=\"content\">\r\n\t\t\t\t<h2 class=\"regular-title-wrapper\">\t\t\t\t\tHELIKE\t\t\t\t<\/h2>\t\t\t<\/div>\r\n\t\t\t<span class=\"sep-text-after\"><div class=\"sep-text-line\"><\/div><\/span>\r\n\t\t\t\t\t<\/div>\r\n\t<p><a href=\"\/?page_id=12727\"><img loading=\"lazy\" class=\"alignnone size-full\" src=\"http:\/\/nagarsa.com\/wp-content\/uploads\/2018\/12\/helike.jpg\" width=\"800\" height=\"600\" \/> <\/a><br \/>\nR\u00e9f: HELIKE<\/p>\n<p><span style=\"color: #c63933;\">POINTURE:\u00a0<\/span><\/p>\n<p>CARACT\u00c9RISTIQUES: TR, TPU<\/p>\n<p><a href=\"http:\/\/nagarsa.com\/fr\/contact\/\">Plus d&rsquo;informations<\/a><\/div>\n<div class=\"wpv-grid grid-1-3  unextended no-extended-padding\" style=\"padding-top:0.05px;padding-bottom:0.05px;\" id=\"wpv-column-ad44eee7cd99979f7264134e51799cda\" >\t\t<div class=\"sep-text single centered\">\r\n\t\t\t\t\t\t\t<span class=\"sep-text-before\"><div class=\"sep-text-line\"><\/div><\/span>\r\n\t\t\t\t\t\t<div class=\"content\">\r\n\t\t\t\t<h2 class=\"regular-title-wrapper\">\t\t\t\t\tANDIAMO\t\t\t\t<\/h2>\t\t\t<\/div>\r\n\t\t\t<span class=\"sep-text-after\"><div class=\"sep-text-line\"><\/div><\/span>\r\n\t\t\t\t\t<\/div>\r\n\t<p><a href=\"\/?page_id=12727\"><img loading=\"lazy\" class=\"alignnone size-medium wp-image-11923\" src=\"http:\/\/nagarsa.com\/wp-content\/uploads\/2018\/12\/Andiamo-300x225.jpg\" alt=\"Suela Andiamo\" width=\"800\" height=\"600\" \/><\/a><\/p>\n<p>R\u00e9f: ANDIAMO<\/p>\n<p><span style=\"color: #c63933;\">POINTURE<\/span>: 36 y 41<\/p>\n<p>CARACT\u00c9RISTIQUES: TR LIGHT<\/p>\n<p><a href=\"http:\/\/nagarsa.com\/fr\/contact\/\">Plus d&rsquo;informations<\/a><\/div><\/div>\n<div class=\"row \"><div class=\"wpv-grid grid-1-3  first unextended no-extended-padding\" style=\"padding-top:0.05px;padding-bottom:0.05px;\" id=\"wpv-column-0ed7d9afe29f427c58f93ae1fdc8a100\" >\t\t<div class=\"sep-text single centered\">\r\n\t\t\t\t\t\t\t<span class=\"sep-text-before\"><div class=\"sep-text-line\"><\/div><\/span>\r\n\t\t\t\t\t\t<div class=\"content\">\r\n\t\t\t\t<h2 class=\"regular-title-wrapper\">\t\t\t\t\tDANTE\t\t\t\t<\/h2>\t\t\t<\/div>\r\n\t\t\t<span class=\"sep-text-after\"><div class=\"sep-text-line\"><\/div><\/span>\r\n\t\t\t\t\t<\/div>\r\n\t<p><a href=\"\/?page_id=12727\"><img loading=\"lazy\" class=\"alignnone size-full\" src=\"http:\/\/nagarsa.com\/wp-content\/uploads\/2018\/12\/dante.jpg\" width=\"800\" height=\"600\" \/> <\/a><br \/>\nR\u00e9f: DANTE<\/p>\n<p><span style=\"color: #c63933;\">POINTURE<\/span>: 36\/41<\/p>\n<p>CARACT\u00c9RISTIQUES: TR, TPU<\/p>\n<p><a href=\"http:\/\/nagarsa.com\/fr\/contact\/\">Plus d&rsquo;informations<\/a><\/div>\n<div class=\"wpv-grid grid-1-3  unextended no-extended-padding\" style=\"padding-top:0.05px;padding-bottom:0.05px;\" id=\"wpv-column-e06e5df6efdb8c28502fd0c09fc6450e\" >\t\t<div class=\"sep-text single centered\">\r\n\t\t\t\t\t\t\t<span class=\"sep-text-before\"><div class=\"sep-text-line\"><\/div><\/span>\r\n\t\t\t\t\t\t<div class=\"content\">\r\n\t\t\t\t<h2 class=\"regular-title-wrapper\">\t\t\t\t\tKANSAS\t\t\t\t<\/h2>\t\t\t<\/div>\r\n\t\t\t<span class=\"sep-text-after\"><div class=\"sep-text-line\"><\/div><\/span>\r\n\t\t\t\t\t<\/div>\r\n\t<p><a href=\"\/?page_id=12727\"><img loading=\"lazy\" class=\"alignnone size-full\" src=\"http:\/\/nagarsa.com\/wp-content\/uploads\/2018\/12\/kansas.jpg\" width=\"800\" height=\"600\" \/> <\/a><br \/>\nR\u00e9f: KANSAS<\/p>\n<p><span style=\"color: #c63933;\">POINTURE<\/span>: 37<\/p>\n<p>CARACT\u00c9RISTIQUES: TR LIGHT<\/p>\n<p><a href=\"http:\/\/nagarsa.com\/fr\/contact\/\">Plus d&rsquo;informations<\/a><\/div>\n<div class=\"wpv-grid grid-1-3  unextended no-extended-padding\" style=\"padding-top:0.05px;padding-bottom:0.05px;\" id=\"wpv-column-b83b2ea69a4ece28f7b7fd6adb2922bd\" >\t\t<div class=\"sep-text single centered\">\r\n\t\t\t\t\t\t\t<span class=\"sep-text-before\"><div class=\"sep-text-line\"><\/div><\/span>\r\n\t\t\t\t\t\t<div class=\"content\">\r\n\t\t\t\t<h2 class=\"regular-title-wrapper\">\t\t\t\t\tLION\t\t\t\t<\/h2>\t\t\t<\/div>\r\n\t\t\t<span class=\"sep-text-after\"><div class=\"sep-text-line\"><\/div><\/span>\r\n\t\t\t\t\t<\/div>\r\n\t<p><a href=\"\/?page_id=12727\"><img loading=\"lazy\" class=\"alignnone size-full\" src=\"http:\/\/nagarsa.com\/wp-content\/uploads\/2018\/12\/lion.jpg\" width=\"800\" height=\"600\" \/> <\/a><br \/>\nR\u00e9f: LION<\/p>\n<p><span style=\"color: #c63933;\">POINTURE<\/span>: 37<\/p>\n<p>CARACT\u00c9RISTIQUES: TPU<\/p>\n<p><a href=\"http:\/\/nagarsa.com\/fr\/contact\/\">Plus d&rsquo;informations<\/a><\/div><\/div>\n<div class=\"row \"><div class=\"wpv-grid grid-1-3  first unextended no-extended-padding\" style=\"padding-top:0.05px;padding-bottom:0.05px;\" id=\"wpv-column-ec1442e51268c83e7295561fc71ff687\" >\t\t<div class=\"sep-text single centered\">\r\n\t\t\t\t\t\t\t<span class=\"sep-text-before\"><div class=\"sep-text-line\"><\/div><\/span>\r\n\t\t\t\t\t\t<div class=\"content\">\r\n\t\t\t\t<h2 class=\"regular-title-wrapper\">\t\t\t\t\tPRINCE\t\t\t\t<\/h2>\t\t\t<\/div>\r\n\t\t\t<span class=\"sep-text-after\"><div class=\"sep-text-line\"><\/div><\/span>\r\n\t\t\t\t\t<\/div>\r\n\t<p><a href=\"\/?page_id=12727\"><img loading=\"lazy\" class=\"alignnone size-full\" src=\"http:\/\/nagarsa.com\/wp-content\/uploads\/2018\/12\/prince.jpg\" width=\"800\" height=\"600\" \/> <\/a><br \/>\nR\u00e9f: PRINCE<\/p>\n<p><span style=\"color: #c63933;\">POINTURE<\/span>: 37<\/p>\n<p>CARACT\u00c9RISTIQUES: TPU<\/p>\n<p><a href=\"http:\/\/nagarsa.com\/fr\/contact\/\">Plus d&rsquo;informations<\/a><\/div>\n<div class=\"wpv-grid grid-1-3  unextended no-extended-padding\" style=\"padding-top:0.05px;padding-bottom:0.05px;\" id=\"wpv-column-5864aafcb7343e3482acf4392b05c6c2\" >\t\t<div class=\"sep-text single centered\">\r\n\t\t\t\t\t\t\t<span class=\"sep-text-before\"><div class=\"sep-text-line\"><\/div><\/span>\r\n\t\t\t\t\t\t<div class=\"content\">\r\n\t\t\t\t<h2 class=\"regular-title-wrapper\">\t\t\t\t\tWALLY\t\t\t\t<\/h2>\t\t\t<\/div>\r\n\t\t\t<span class=\"sep-text-after\"><div class=\"sep-text-line\"><\/div><\/span>\r\n\t\t\t\t\t<\/div>\r\n\t<p><a href=\"\/?page_id=12727\"><img loading=\"lazy\" class=\"alignnone size-full\" src=\"http:\/\/nagarsa.com\/wp-content\/uploads\/2018\/12\/wally.jpeg\" width=\"800\" height=\"600\" \/><\/a><\/p>\n<p>R\u00e9f: WALLY<\/p>\n<p><span style=\"color: #c63933;\">POINTURE<\/span>: 36 y 41<\/p>\n<p>CARACT\u00c9RISTIQUES: TR, TR LIGHT<\/p>\n<p><a href=\"http:\/\/nagarsa.com\/fr\/contact\/\">Plus d&rsquo;informations<\/a><\/div>\n<div class=\"wpv-grid grid-1-3  unextended no-extended-padding\" style=\"padding-top:0.05px;padding-bottom:0.05px;\" id=\"wpv-column-21d44aaa3a4f9e06d2bfe2f612934e3b\" >\t\t<div class=\"sep-text single centered\">\r\n\t\t\t\t\t\t\t<span class=\"sep-text-before\"><div class=\"sep-text-line\"><\/div><\/span>\r\n\t\t\t\t\t\t<div class=\"content\">\r\n\t\t\t\t<h2 class=\"regular-title-wrapper\">\t\t\t\t\tZAIDA\t\t\t\t<\/h2>\t\t\t<\/div>\r\n\t\t\t<span class=\"sep-text-after\"><div class=\"sep-text-line\"><\/div><\/span>\r\n\t\t\t\t\t<\/div>\r\n\t<p><a href=\"\/?page_id=12727\"><img loading=\"lazy\" class=\"alignnone size-full\" src=\"http:\/\/nagarsa.com\/wp-content\/uploads\/2018\/12\/zaida.jpg\" width=\"800\" height=\"600\" \/> <\/a><br \/>\nR\u00e9f: ZAIDA<\/p>\n<p><span style=\"color: #c63933;\">POINTURE<\/span>: 37<\/p>\n<p>CARACT\u00c9RISTIQUES: TR, TR LIGHT<\/p>\n<p><a href=\"http:\/\/nagarsa.com\/fr\/contact\/\">Plus d&rsquo;informations<\/a><\/div><\/div>\n<div class=\"row \"><div class=\"wpv-grid grid-1-3  first unextended no-extended-padding\" style=\"padding-top:0.05px;padding-bottom:0.05px;\" id=\"wpv-column-3ce7efb8b8275cde988fee94ba118ff9\" >\t\t<div class=\"sep-text single centered\">\r\n\t\t\t\t\t\t\t<span class=\"sep-text-before\"><div class=\"sep-text-line\"><\/div><\/span>\r\n\t\t\t\t\t\t<div class=\"content\">\r\n\t\t\t\t<h2 class=\"regular-title-wrapper\">\t\t\t\t\tTABU\t\t\t\t<\/h2>\t\t\t<\/div>\r\n\t\t\t<span class=\"sep-text-after\"><div class=\"sep-text-line\"><\/div><\/span>\r\n\t\t\t\t\t<\/div>\r\n\t<p><a href=\"\/?page_id=12727\"><img loading=\"lazy\" class=\"alignnone size-full\" src=\"http:\/\/nagarsa.com\/wp-content\/uploads\/2018\/12\/tabu.jpg\" width=\"800\" height=\"600\" \/> <\/a><br \/>\nRef: TABU<\/p>\n<p><span style=\"color: #c63933;\">POINTURE<\/span>: 37<\/p>\n<p>CARACT\u00c9RISTIQUES: TR, TR LIGHT<\/p>\n<p><a href=\"http:\/\/nagarsa.com\/fr\/contact\/\">Plus d&rsquo;informations<\/a><\/div>\n<div class=\"wpv-grid grid-1-3  unextended no-extended-padding\" style=\"padding-top:0.05px;padding-bottom:0.05px;\" id=\"wpv-column-d1ffb6b7fb1bb786136549b765ce5a09\" >\t\t<div class=\"sep-text single centered\">\r\n\t\t\t\t\t\t\t<span class=\"sep-text-before\"><div class=\"sep-text-line\"><\/div><\/span>\r\n\t\t\t\t\t\t<div class=\"content\">\r\n\t\t\t\t<h2 class=\"regular-title-wrapper\">\t\t\t\t\tWALLACE\t\t\t\t<\/h2>\t\t\t<\/div>\r\n\t\t\t<span class=\"sep-text-after\"><div class=\"sep-text-line\"><\/div><\/span>\r\n\t\t\t\t\t<\/div>\r\n\t<p><a href=\"\/?page_id=12727\"><img loading=\"lazy\" class=\"alignnone size-full\" src=\"http:\/\/nagarsa.com\/wp-content\/uploads\/2018\/12\/wallace.jpg\" width=\"800\" height=\"600\" \/> <\/a><br \/>\nR\u00e9f: WALLACE<\/p>\n<p><span style=\"color: #c63933;\">POINTURE<\/span>: 36 Y 41<\/p>\n<p>CARACT\u00c9RISTIQUES: TR, TR LIGHT<\/p>\n<p><a href=\"http:\/\/nagarsa.com\/fr\/contact\/\">Plus d&rsquo;informations<\/a><\/div>\n<div class=\"wpv-grid grid-1-3  unextended no-extended-padding\" style=\"padding-top:0.05px;padding-bottom:0.05px;\" id=\"wpv-column-0c2c4987901db2e6ce3cc6412d018361\" >\t\t<div class=\"sep-text single centered\">\r\n\t\t\t\t\t\t\t<span class=\"sep-text-before\"><div class=\"sep-text-line\"><\/div><\/span>\r\n\t\t\t\t\t\t<div class=\"content\">\r\n\t\t\t\t<h2 class=\"regular-title-wrapper\">\t\t\t\t\tTIANA\t\t\t\t<\/h2>\t\t\t<\/div>\r\n\t\t\t<span class=\"sep-text-after\"><div class=\"sep-text-line\"><\/div><\/span>\r\n\t\t\t\t\t<\/div>\r\n\t<p><a href=\"\/?page_id=12727\"><img loading=\"lazy\" class=\"alignnone size-full\" src=\"http:\/\/nagarsa.com\/wp-content\/uploads\/2018\/12\/tiana.jpg\" width=\"800\" height=\"600\" \/> <\/a><br \/>\nR\u00e9f: TIANA<\/p>\n<p><span style=\"color: #c63933;\">POINTURE<\/span>: 37<\/p>\n<p>CARACT\u00c9RISTIQUES: TR, TR LIGHT<\/p>\n<p><a href=\"http:\/\/nagarsa.com\/fr\/contact\/\">Plus d&rsquo;informations<\/a><\/div><\/div><\/div><\/div><\/div>\n<div class=\"push \" style=\"height:30px\"><\/div>\n","protected":false},"excerpt":{"rendered":"<p>R\u00e9f: AMBERES POINTURE: 36 y 41 CARACT\u00c9RISTIQUES: TR, TR LIGHT Plus d&rsquo;informations R\u00e9f: CRETA POINTURE: 37 CARACT\u00c9RISTIQUES: TR Plus d&rsquo;informations R\u00e9f: GAB POINTURE: 36\/41 CARACT\u00c9RISTIQUES: TPU Plus d&rsquo;informations R\u00e9f: HELIANA POINTURE: 36\/41 CARACT\u00c9RISTIQUES: TR, TPU Plus d&rsquo;informations R\u00e9f: HELIKE POINTURE:\u00a0 CARACT\u00c9RISTIQUES: TR, TPU Plus d&rsquo;informations R\u00e9f: ANDIAMO POINTURE: 36 y 41 CARACT\u00c9RISTIQUES: TR LIGHT Plus&#8230;<\/p>\n","protected":false},"author":1,"featured_media":0,"parent":0,"menu_order":0,"comment_status":"closed","ping_status":"closed","template":"","meta":[],"_links":{"self":[{"href":"https:\/\/nagarsa.com\/fr\/wp-json\/wp\/v2\/pages\/12737"}],"collection":[{"href":"https:\/\/nagarsa.com\/fr\/wp-json\/wp\/v2\/pages"}],"about":[{"href":"https:\/\/nagarsa.com\/fr\/wp-json\/wp\/v2\/types\/page"}],"author":[{"embeddable":true,"href":"https:\/\/nagarsa.com\/fr\/wp-json\/wp\/v2\/users\/1"}],"replies":[{"embeddable":true,"href":"https:\/\/nagarsa.com\/fr\/wp-json\/wp\/v2\/comments?post=12737"}],"version-history":[{"count":6,"href":"https:\/\/nagarsa.com\/fr\/wp-json\/wp\/v2\/pages\/12737\/revisions"}],"predecessor-version":[{"id":12746,"href":"https:\/\/nagarsa.com\/fr\/wp-json\/wp\/v2\/pages\/12737\/revisions\/12746"}],"wp:attachment":[{"href":"https:\/\/nagarsa.com\/fr\/wp-json\/wp\/v2\/media?parent=12737"}],"curies":[{"name":"wp","href":"https:\/\/api.w.org\/{rel}","templated":true}]}}