{"id":13461,"date":"2019-02-11T16:13:25","date_gmt":"2019-02-11T16:13:25","guid":{"rendered":"http:\/\/nagarsa.webtosell.es\/?page_id=13461"},"modified":"2019-02-27T13:02:26","modified_gmt":"2019-02-27T13:02:26","slug":"kompromiss","status":"publish","type":"page","link":"https:\/\/nagarsa.com\/de\/kompromiss\/","title":{"rendered":"Kompromiss"},"content":{"rendered":"<div class=\"limit-wrapper\"><div class=\"row \"><div class=\"wpv-grid grid-1-1  wpv-first-level first unextended no-extended-padding\" style=\"padding-top:0.05px;padding-bottom:0.05px;\" id=\"wpv-column-fd9f26d58ce4281e01dfdde90a4dda1f\" ><h2 style=\"text-align: center;\">Was wir anbieten<\/h2>\n<p>NAGARSA S.L. widmet sich der Herstellung von Schuhsohlen f\u00fcr Damenschuhe unter Verwendung der Materialien thermoplastisches Gummi (TR) und thermoplastisches Polyurethan (TPU).<\/p>\n<p><strong>Unser Unternehmen wurde im Jahr 1981 durch Lucas Navarro Rivas <\/strong>gegr\u00fcndet. Derzeit besteht unser <strong>Team aus 15 Personen<\/strong>. Zu unseren gro\u00dfen St\u00e4rken z\u00e4hlt die Flexibilit\u00e4t, uns schnell an die Bed\u00fcrfnisse unserer Kunden anzupassen und auf ihre W\u00fcnsche einzugehen. Unter Verwendung des modernen 3D-Druckverfahren sind wir in der Lage in k\u00fcrzester Zeit neue Modelle zu designen und zu fertigen. Dabei arbeiten wir stets eng mit unseren Kunden zusammen.<\/p>\n<p>Bei der Produktion <strong>verwenden wir ausschlie\u00dflich hochwertige Materialien sowie Injektionsmaschinen der neuesten Generation<\/strong>. Dar\u00fcber hinaus f\u00fchren wir strenge Qualit\u00e4ts- und Sicherheitskontrollen durch, um jegliche Art von M\u00e4ngeln am Endprodukt zu vermeiden.<\/p>\n<p>Mit unserer Erfahrung auf dem heimischen und den internationalen M\u00e4rkten arbeiten wir t\u00e4glich daran, ein Vorbild auf diesem Markt zu sein.<\/div><\/div><\/div>\n","protected":false},"excerpt":{"rendered":"<p>Was wir anbieten NAGARSA S.L. widmet sich der Herstellung von Schuhsohlen f\u00fcr Damenschuhe unter Verwendung der Materialien thermoplastisches Gummi (TR) und thermoplastisches Polyurethan (TPU). Unser Unternehmen wurde im Jahr 1981 durch Lucas Navarro Rivas gegr\u00fcndet. Derzeit besteht unser Team aus 15 Personen. Zu unseren gro\u00dfen St\u00e4rken z\u00e4hlt die Flexibilit\u00e4t, uns schnell an die Bed\u00fcrfnisse unserer&#8230;<\/p>\n","protected":false},"author":1,"featured_media":0,"parent":0,"menu_order":0,"comment_status":"closed","ping_status":"closed","template":"","meta":[],"_links":{"self":[{"href":"https:\/\/nagarsa.com\/de\/wp-json\/wp\/v2\/pages\/13461"}],"collection":[{"href":"https:\/\/nagarsa.com\/de\/wp-json\/wp\/v2\/pages"}],"about":[{"href":"https:\/\/nagarsa.com\/de\/wp-json\/wp\/v2\/types\/page"}],"author":[{"embeddable":true,"href":"https:\/\/nagarsa.com\/de\/wp-json\/wp\/v2\/users\/1"}],"replies":[{"embeddable":true,"href":"https:\/\/nagarsa.com\/de\/wp-json\/wp\/v2\/comments?post=13461"}],"version-history":[{"count":4,"href":"https:\/\/nagarsa.com\/de\/wp-json\/wp\/v2\/pages\/13461\/revisions"}],"predecessor-version":[{"id":13578,"href":"https:\/\/nagarsa.com\/de\/wp-json\/wp\/v2\/pages\/13461\/revisions\/13578"}],"wp:attachment":[{"href":"https:\/\/nagarsa.com\/de\/wp-json\/wp\/v2\/media?parent=13461"}],"curies":[{"name":"wp","href":"https:\/\/api.w.org\/{rel}","templated":true}]}}