{"id":13398,"date":"2019-02-06T07:39:21","date_gmt":"2019-02-06T07:39:21","guid":{"rendered":"http:\/\/nagarsa.webtosell.es\/proyectos-3d\/"},"modified":"2019-02-18T14:50:13","modified_gmt":"2019-02-18T14:50:13","slug":"3d-projekte","status":"publish","type":"page","link":"https:\/\/nagarsa.com\/de\/3d-projekte\/","title":{"rendered":"3D-PROJEKTE"},"content":{"rendered":"<div class=\"push \" style=\"height:30px\"><\/div>\n<div class=\"limit-wrapper\"><div class=\"row \"><div class=\"wpv-grid grid-1-1  wpv-first-level first unextended no-extended-padding\" style=\"padding-top:0.05px;padding-bottom:0.05px;\" id=\"wpv-column-be74c60e8ccdbe1be01476950b734a4f\" ><h2 style=\"text-align: center;\">Design und Entwicklung mithilfe von 3D-Technologie<\/h2>\n<p>Unser Unternehmen NAGARSA entwirft alle Schuhsolen mit moderner 3D-Technologie. Von der<strong> Digitalisierung der Entw\u00fcrfe bis hin zur anschlie\u00dfenden Erstellung<\/strong> des neuen Modells kann der Kunde die Entwicklung genau verfolgen.<\/p>\n<p>Wir <strong>verwenden leistungsstarke Design- und Rendering-Tools<\/strong>, um ein hervorragendes Ergebnis zu erzielen. Diese Arbeitsmethode minimiert die Kosten und optimiert die Erstellung des Modells, indem \u00c4nderungen oder Modifikationen w\u00e4hrend der Erstellung vorgenommen werden k\u00f6nnen, ohne dass daf\u00fcr das physische Modell vorhanden sein muss.<\/p>\n<p>Vor dem Druck des finalen Modells drucken wir ein flexibles Modell aus TPU-Material zur Begutachtung und sogar zur Funktionspr\u00fcfung. Sowohl der flexible Druck als auch der endg\u00fcltige starre Druck werden mit 3D-Druckern der neuesten Generation erstellt, um ein Ergebnis von hervorragender Qualit\u00e4t und Detailgenauigkeit zu gew\u00e4hrleisten.<\/p>\n<p>Diese Technologie steht dem Kunden f\u00fcr kundenspezifische Entwicklungen zur Verf\u00fcgung, wobei die geltenden Datenschutzbestimmungen strikt eingehalten werden m\u00fcssen.<\/p>\n<p><div id='gallery-1' class='gallery galleryid-13398 gallery-columns-3 gallery-size-large'><figure class='gallery-item'>\n\t\t\t<div class='gallery-icon landscape'>\n\t\t\t\t<a href='https:\/\/nagarsa.com\/wp-content\/uploads\/2019\/02\/Boceto-Violeta.jpg'><img width=\"1024\" height=\"744\" src=\"https:\/\/nagarsa.com\/wp-content\/uploads\/2019\/02\/Boceto-Violeta-1024x744.jpg\" class=\"attachment-large size-large\" alt=\"\" loading=\"lazy\" srcset=\"https:\/\/nagarsa.com\/wp-content\/uploads\/2019\/02\/Boceto-Violeta-1024x744.jpg 1024w, https:\/\/nagarsa.com\/wp-content\/uploads\/2019\/02\/Boceto-Violeta-300x218.jpg 300w, https:\/\/nagarsa.com\/wp-content\/uploads\/2019\/02\/Boceto-Violeta-768x558.jpg 768w, https:\/\/nagarsa.com\/wp-content\/uploads\/2019\/02\/Boceto-Violeta-800x582.jpg 800w, https:\/\/nagarsa.com\/wp-content\/uploads\/2019\/02\/Boceto-Violeta-1140x829.jpg 1140w, https:\/\/nagarsa.com\/wp-content\/uploads\/2019\/02\/Boceto-Violeta-555x403.jpg 555w, https:\/\/nagarsa.com\/wp-content\/uploads\/2019\/02\/Boceto-Violeta-360x262.jpg 360w, https:\/\/nagarsa.com\/wp-content\/uploads\/2019\/02\/Boceto-Violeta-262x190.jpg 262w, https:\/\/nagarsa.com\/wp-content\/uploads\/2019\/02\/Boceto-Violeta-1320x959.jpg 1320w, https:\/\/nagarsa.com\/wp-content\/uploads\/2019\/02\/Boceto-Violeta-600x436.jpg 600w, https:\/\/nagarsa.com\/wp-content\/uploads\/2019\/02\/Boceto-Violeta.jpg 1600w\" sizes=\"(max-width: 1024px) 100vw, 1024px\" \/><\/a>\n\t\t\t<\/div><\/figure><figure class='gallery-item'>\n\t\t\t<div class='gallery-icon landscape'>\n\t\t\t\t<a href='https:\/\/nagarsa.com\/wp-content\/uploads\/2019\/02\/Boceto-Tiger.jpg'><img width=\"1024\" height=\"744\" src=\"https:\/\/nagarsa.com\/wp-content\/uploads\/2019\/02\/Boceto-Tiger-1024x744.jpg\" class=\"attachment-large size-large\" alt=\"\" loading=\"lazy\" srcset=\"https:\/\/nagarsa.com\/wp-content\/uploads\/2019\/02\/Boceto-Tiger-1024x744.jpg 1024w, https:\/\/nagarsa.com\/wp-content\/uploads\/2019\/02\/Boceto-Tiger-300x218.jpg 300w, https:\/\/nagarsa.com\/wp-content\/uploads\/2019\/02\/Boceto-Tiger-768x558.jpg 768w, https:\/\/nagarsa.com\/wp-content\/uploads\/2019\/02\/Boceto-Tiger-800x582.jpg 800w, https:\/\/nagarsa.com\/wp-content\/uploads\/2019\/02\/Boceto-Tiger-1140x829.jpg 1140w, https:\/\/nagarsa.com\/wp-content\/uploads\/2019\/02\/Boceto-Tiger-555x403.jpg 555w, https:\/\/nagarsa.com\/wp-content\/uploads\/2019\/02\/Boceto-Tiger-360x262.jpg 360w, https:\/\/nagarsa.com\/wp-content\/uploads\/2019\/02\/Boceto-Tiger-262x190.jpg 262w, https:\/\/nagarsa.com\/wp-content\/uploads\/2019\/02\/Boceto-Tiger-1320x959.jpg 1320w, https:\/\/nagarsa.com\/wp-content\/uploads\/2019\/02\/Boceto-Tiger-600x436.jpg 600w, https:\/\/nagarsa.com\/wp-content\/uploads\/2019\/02\/Boceto-Tiger.jpg 1600w\" sizes=\"(max-width: 1024px) 100vw, 1024px\" \/><\/a>\n\t\t\t<\/div><\/figure><figure class='gallery-item'>\n\t\t\t<div class='gallery-icon landscape'>\n\t\t\t\t<a href='https:\/\/nagarsa.com\/wp-content\/uploads\/2019\/02\/Boceto-Prince.jpg'><img width=\"1024\" height=\"744\" src=\"https:\/\/nagarsa.com\/wp-content\/uploads\/2019\/02\/Boceto-Prince-1024x744.jpg\" class=\"attachment-large size-large\" alt=\"\" loading=\"lazy\" srcset=\"https:\/\/nagarsa.com\/wp-content\/uploads\/2019\/02\/Boceto-Prince-1024x744.jpg 1024w, https:\/\/nagarsa.com\/wp-content\/uploads\/2019\/02\/Boceto-Prince-300x218.jpg 300w, https:\/\/nagarsa.com\/wp-content\/uploads\/2019\/02\/Boceto-Prince-768x558.jpg 768w, https:\/\/nagarsa.com\/wp-content\/uploads\/2019\/02\/Boceto-Prince-800x582.jpg 800w, https:\/\/nagarsa.com\/wp-content\/uploads\/2019\/02\/Boceto-Prince-1140x829.jpg 1140w, https:\/\/nagarsa.com\/wp-content\/uploads\/2019\/02\/Boceto-Prince-555x403.jpg 555w, https:\/\/nagarsa.com\/wp-content\/uploads\/2019\/02\/Boceto-Prince-360x262.jpg 360w, https:\/\/nagarsa.com\/wp-content\/uploads\/2019\/02\/Boceto-Prince-262x190.jpg 262w, https:\/\/nagarsa.com\/wp-content\/uploads\/2019\/02\/Boceto-Prince-1320x959.jpg 1320w, https:\/\/nagarsa.com\/wp-content\/uploads\/2019\/02\/Boceto-Prince-600x436.jpg 600w, https:\/\/nagarsa.com\/wp-content\/uploads\/2019\/02\/Boceto-Prince.jpg 1600w\" sizes=\"(max-width: 1024px) 100vw, 1024px\" \/><\/a>\n\t\t\t<\/div><\/figure>\n\t\t<\/div>\n<\/p>\n<p><div id='gallery-2' class='gallery galleryid-13398 gallery-columns-3 gallery-size-large'><figure class='gallery-item'>\n\t\t\t<div class='gallery-icon landscape'>\n\t\t\t\t<a href='https:\/\/nagarsa.com\/wp-content\/uploads\/2019\/02\/prince-blanco.jpg'><img width=\"1024\" height=\"768\" src=\"https:\/\/nagarsa.com\/wp-content\/uploads\/2019\/02\/prince-blanco-1024x768.jpg\" class=\"attachment-large size-large\" alt=\"\" loading=\"lazy\" srcset=\"https:\/\/nagarsa.com\/wp-content\/uploads\/2019\/02\/prince-blanco-1024x768.jpg 1024w, https:\/\/nagarsa.com\/wp-content\/uploads\/2019\/02\/prince-blanco-300x225.jpg 300w, https:\/\/nagarsa.com\/wp-content\/uploads\/2019\/02\/prince-blanco-768x576.jpg 768w, https:\/\/nagarsa.com\/wp-content\/uploads\/2019\/02\/prince-blanco-800x600.jpg 800w, https:\/\/nagarsa.com\/wp-content\/uploads\/2019\/02\/prince-blanco-1140x855.jpg 1140w, https:\/\/nagarsa.com\/wp-content\/uploads\/2019\/02\/prince-blanco-555x416.jpg 555w, https:\/\/nagarsa.com\/wp-content\/uploads\/2019\/02\/prince-blanco-360x270.jpg 360w, https:\/\/nagarsa.com\/wp-content\/uploads\/2019\/02\/prince-blanco-262x197.jpg 262w, https:\/\/nagarsa.com\/wp-content\/uploads\/2019\/02\/prince-blanco-1320x990.jpg 1320w, https:\/\/nagarsa.com\/wp-content\/uploads\/2019\/02\/prince-blanco-400x300.jpg 400w, https:\/\/nagarsa.com\/wp-content\/uploads\/2019\/02\/prince-blanco-600x450.jpg 600w, https:\/\/nagarsa.com\/wp-content\/uploads\/2019\/02\/prince-blanco.jpg 1600w\" sizes=\"(max-width: 1024px) 100vw, 1024px\" \/><\/a>\n\t\t\t<\/div><\/figure><figure class='gallery-item'>\n\t\t\t<div class='gallery-icon landscape'>\n\t\t\t\t<a href='https:\/\/nagarsa.com\/wp-content\/uploads\/2019\/02\/Tiger-Blanco.jpg'><img width=\"1024\" height=\"768\" src=\"https:\/\/nagarsa.com\/wp-content\/uploads\/2019\/02\/Tiger-Blanco-1024x768.jpg\" class=\"attachment-large size-large\" alt=\"\" loading=\"lazy\" srcset=\"https:\/\/nagarsa.com\/wp-content\/uploads\/2019\/02\/Tiger-Blanco-1024x768.jpg 1024w, https:\/\/nagarsa.com\/wp-content\/uploads\/2019\/02\/Tiger-Blanco-300x225.jpg 300w, https:\/\/nagarsa.com\/wp-content\/uploads\/2019\/02\/Tiger-Blanco-768x576.jpg 768w, https:\/\/nagarsa.com\/wp-content\/uploads\/2019\/02\/Tiger-Blanco-800x600.jpg 800w, https:\/\/nagarsa.com\/wp-content\/uploads\/2019\/02\/Tiger-Blanco-1140x855.jpg 1140w, https:\/\/nagarsa.com\/wp-content\/uploads\/2019\/02\/Tiger-Blanco-555x416.jpg 555w, https:\/\/nagarsa.com\/wp-content\/uploads\/2019\/02\/Tiger-Blanco-360x270.jpg 360w, https:\/\/nagarsa.com\/wp-content\/uploads\/2019\/02\/Tiger-Blanco-262x197.jpg 262w, https:\/\/nagarsa.com\/wp-content\/uploads\/2019\/02\/Tiger-Blanco-1320x990.jpg 1320w, https:\/\/nagarsa.com\/wp-content\/uploads\/2019\/02\/Tiger-Blanco-400x300.jpg 400w, https:\/\/nagarsa.com\/wp-content\/uploads\/2019\/02\/Tiger-Blanco-600x450.jpg 600w, https:\/\/nagarsa.com\/wp-content\/uploads\/2019\/02\/Tiger-Blanco.jpg 1600w\" sizes=\"(max-width: 1024px) 100vw, 1024px\" \/><\/a>\n\t\t\t<\/div><\/figure><figure class='gallery-item'>\n\t\t\t<div class='gallery-icon landscape'>\n\t\t\t\t<a href='https:\/\/nagarsa.com\/wp-content\/uploads\/2019\/02\/VIOLETTA-foto-5.jpg'><img width=\"1024\" height=\"768\" src=\"https:\/\/nagarsa.com\/wp-content\/uploads\/2019\/02\/VIOLETTA-foto-5-1024x768.jpg\" class=\"attachment-large size-large\" alt=\"\" loading=\"lazy\" srcset=\"https:\/\/nagarsa.com\/wp-content\/uploads\/2019\/02\/VIOLETTA-foto-5-1024x768.jpg 1024w, https:\/\/nagarsa.com\/wp-content\/uploads\/2019\/02\/VIOLETTA-foto-5-300x225.jpg 300w, https:\/\/nagarsa.com\/wp-content\/uploads\/2019\/02\/VIOLETTA-foto-5-768x576.jpg 768w, https:\/\/nagarsa.com\/wp-content\/uploads\/2019\/02\/VIOLETTA-foto-5-800x600.jpg 800w, https:\/\/nagarsa.com\/wp-content\/uploads\/2019\/02\/VIOLETTA-foto-5-1140x855.jpg 1140w, https:\/\/nagarsa.com\/wp-content\/uploads\/2019\/02\/VIOLETTA-foto-5-555x416.jpg 555w, https:\/\/nagarsa.com\/wp-content\/uploads\/2019\/02\/VIOLETTA-foto-5-360x270.jpg 360w, https:\/\/nagarsa.com\/wp-content\/uploads\/2019\/02\/VIOLETTA-foto-5-262x197.jpg 262w, https:\/\/nagarsa.com\/wp-content\/uploads\/2019\/02\/VIOLETTA-foto-5-1320x990.jpg 1320w, https:\/\/nagarsa.com\/wp-content\/uploads\/2019\/02\/VIOLETTA-foto-5-400x300.jpg 400w, https:\/\/nagarsa.com\/wp-content\/uploads\/2019\/02\/VIOLETTA-foto-5-600x450.jpg 600w, https:\/\/nagarsa.com\/wp-content\/uploads\/2019\/02\/VIOLETTA-foto-5.jpg 1600w\" sizes=\"(max-width: 1024px) 100vw, 1024px\" \/><\/a>\n\t\t\t<\/div><\/figure>\n\t\t<\/div>\n<\/p>\n<p><div id='gallery-3' class='gallery galleryid-13398 gallery-columns-3 gallery-size-large'><figure class='gallery-item'>\n\t\t\t<div class='gallery-icon landscape'>\n\t\t\t\t<a href='https:\/\/nagarsa.com\/wp-content\/uploads\/2019\/02\/render.jpg'><img width=\"1024\" height=\"531\" src=\"https:\/\/nagarsa.com\/wp-content\/uploads\/2019\/02\/render-1024x531.jpg\" class=\"attachment-large size-large\" alt=\"\" loading=\"lazy\" srcset=\"https:\/\/nagarsa.com\/wp-content\/uploads\/2019\/02\/render-1024x531.jpg 1024w, https:\/\/nagarsa.com\/wp-content\/uploads\/2019\/02\/render-300x156.jpg 300w, https:\/\/nagarsa.com\/wp-content\/uploads\/2019\/02\/render-768x398.jpg 768w, https:\/\/nagarsa.com\/wp-content\/uploads\/2019\/02\/render-800x415.jpg 800w, https:\/\/nagarsa.com\/wp-content\/uploads\/2019\/02\/render-1140x591.jpg 1140w, https:\/\/nagarsa.com\/wp-content\/uploads\/2019\/02\/render-555x288.jpg 555w, https:\/\/nagarsa.com\/wp-content\/uploads\/2019\/02\/render-360x187.jpg 360w, https:\/\/nagarsa.com\/wp-content\/uploads\/2019\/02\/render-262x136.jpg 262w, https:\/\/nagarsa.com\/wp-content\/uploads\/2019\/02\/render-1320x685.jpg 1320w, https:\/\/nagarsa.com\/wp-content\/uploads\/2019\/02\/render-600x311.jpg 600w, https:\/\/nagarsa.com\/wp-content\/uploads\/2019\/02\/render.jpg 1600w\" sizes=\"(max-width: 1024px) 100vw, 1024px\" \/><\/a>\n\t\t\t<\/div><\/figure><figure class='gallery-item'>\n\t\t\t<div class='gallery-icon landscape'>\n\t\t\t\t<a href='https:\/\/nagarsa.com\/wp-content\/uploads\/2019\/02\/Render-Wally.jpg'><img width=\"1024\" height=\"621\" src=\"https:\/\/nagarsa.com\/wp-content\/uploads\/2019\/02\/Render-Wally-1024x621.jpg\" class=\"attachment-large size-large\" alt=\"\" loading=\"lazy\" srcset=\"https:\/\/nagarsa.com\/wp-content\/uploads\/2019\/02\/Render-Wally-1024x621.jpg 1024w, https:\/\/nagarsa.com\/wp-content\/uploads\/2019\/02\/Render-Wally-300x182.jpg 300w, https:\/\/nagarsa.com\/wp-content\/uploads\/2019\/02\/Render-Wally-768x466.jpg 768w, https:\/\/nagarsa.com\/wp-content\/uploads\/2019\/02\/Render-Wally-800x485.jpg 800w, https:\/\/nagarsa.com\/wp-content\/uploads\/2019\/02\/Render-Wally-1140x691.jpg 1140w, https:\/\/nagarsa.com\/wp-content\/uploads\/2019\/02\/Render-Wally-555x336.jpg 555w, https:\/\/nagarsa.com\/wp-content\/uploads\/2019\/02\/Render-Wally-360x218.jpg 360w, https:\/\/nagarsa.com\/wp-content\/uploads\/2019\/02\/Render-Wally-262x159.jpg 262w, https:\/\/nagarsa.com\/wp-content\/uploads\/2019\/02\/Render-Wally-1320x800.jpg 1320w, https:\/\/nagarsa.com\/wp-content\/uploads\/2019\/02\/Render-Wally-600x364.jpg 600w, https:\/\/nagarsa.com\/wp-content\/uploads\/2019\/02\/Render-Wally.jpg 1600w\" sizes=\"(max-width: 1024px) 100vw, 1024px\" \/><\/a>\n\t\t\t<\/div><\/figure><figure class='gallery-item'>\n\t\t\t<div class='gallery-icon landscape'>\n\t\t\t\t<a href='https:\/\/nagarsa.com\/wp-content\/uploads\/2019\/02\/Gante.jpg'><img width=\"1024\" height=\"614\" src=\"https:\/\/nagarsa.com\/wp-content\/uploads\/2019\/02\/Gante-1024x614.jpg\" class=\"attachment-large size-large\" alt=\"\" loading=\"lazy\" srcset=\"https:\/\/nagarsa.com\/wp-content\/uploads\/2019\/02\/Gante-1024x614.jpg 1024w, https:\/\/nagarsa.com\/wp-content\/uploads\/2019\/02\/Gante-300x180.jpg 300w, https:\/\/nagarsa.com\/wp-content\/uploads\/2019\/02\/Gante-768x461.jpg 768w, https:\/\/nagarsa.com\/wp-content\/uploads\/2019\/02\/Gante-800x480.jpg 800w, https:\/\/nagarsa.com\/wp-content\/uploads\/2019\/02\/Gante-1140x684.jpg 1140w, https:\/\/nagarsa.com\/wp-content\/uploads\/2019\/02\/Gante-555x333.jpg 555w, https:\/\/nagarsa.com\/wp-content\/uploads\/2019\/02\/Gante-360x216.jpg 360w, https:\/\/nagarsa.com\/wp-content\/uploads\/2019\/02\/Gante-262x157.jpg 262w, https:\/\/nagarsa.com\/wp-content\/uploads\/2019\/02\/Gante-1320x792.jpg 1320w, https:\/\/nagarsa.com\/wp-content\/uploads\/2019\/02\/Gante-600x360.jpg 600w, https:\/\/nagarsa.com\/wp-content\/uploads\/2019\/02\/Gante.jpg 1600w\" sizes=\"(max-width: 1024px) 100vw, 1024px\" \/><\/a>\n\t\t\t<\/div><\/figure>\n\t\t<\/div>\n<\/p>\n<p>Bei Neuentwicklungen k\u00f6nnen Sie sich gerne an uns wenden. In weniger als 48 Stunden drucken wir die von Ihnen gew\u00fcnschte Sohle in 3D. Dieser Prototyp kann an dem Schaft befestigt werden, um Anpassungen und Passpr\u00fcfungen vorzunehmen, lange bevor die neue Injektionsform hergestellt wird.<\/p>\n<p>Anstelle der 30-t\u00e4gigen Entwicklung nach der traditionellen Methode dauert die Entwicklung mit der 3D Technologie maximal 15 Tage. Der gesamte Prozess wird bei NAGARSA vollst\u00e4ndig intern durchgef\u00fchrt, um die Vertraulichkeit zu gew\u00e4hrleisten..<\/p>\n<h2>Vorgehensweise:<\/h2>\n<ol>\n<li>Ihre Entwurfsidee wird in eine Renderdatei (3D) konvertiert<\/li>\n<li>Best\u00e4tigung des 3D zum Drucken des Prototyps der TPU-Filamentsohle.<\/li>\n<li>Versand der 3D-Sohle f\u00fcr den Schuhprototyp.<\/li>\n<li>Best\u00e4tigung des Prototyps und Druck des Harzmodells.<\/li>\n<li>Herstellung der Injektionsform.<\/li>\n<\/ol>\n<p>Bei den Artikeln, die Sie auf unserer Website sehen k\u00f6nnen, handelt es sich meistens um sehr reale und pr\u00e4zise &#8222;Render&#8220; von 3D-Dateien.<\/p>\n<p>Durch die Verwendung der 3D Technologie erhalten wir sehr feine Texturen und Oberfl\u00e4chen, die sonst nicht m\u00f6glich w\u00e4ren.<\/p>\n<p>Zusammengefasst hebt uns die Verwendung der 3D Technologie vom Wettbewerb ab, da wir effizienter, schneller und qualitativ hochwertiger arbeiten.<\/div><\/div><\/div>\n","protected":false},"excerpt":{"rendered":"<p>Design und Entwicklung mithilfe von 3D-Technologie Unser Unternehmen NAGARSA entwirft alle Schuhsolen mit moderner 3D-Technologie. Von der Digitalisierung der Entw\u00fcrfe bis hin zur anschlie\u00dfenden Erstellung des neuen Modells kann der Kunde die Entwicklung genau verfolgen. Wir verwenden leistungsstarke Design- und Rendering-Tools, um ein hervorragendes Ergebnis zu erzielen. Diese Arbeitsmethode minimiert die Kosten und optimiert die&#8230;<\/p>\n","protected":false},"author":1,"featured_media":0,"parent":0,"menu_order":0,"comment_status":"closed","ping_status":"closed","template":"","meta":[],"_links":{"self":[{"href":"https:\/\/nagarsa.com\/de\/wp-json\/wp\/v2\/pages\/13398"}],"collection":[{"href":"https:\/\/nagarsa.com\/de\/wp-json\/wp\/v2\/pages"}],"about":[{"href":"https:\/\/nagarsa.com\/de\/wp-json\/wp\/v2\/types\/page"}],"author":[{"embeddable":true,"href":"https:\/\/nagarsa.com\/de\/wp-json\/wp\/v2\/users\/1"}],"replies":[{"embeddable":true,"href":"https:\/\/nagarsa.com\/de\/wp-json\/wp\/v2\/comments?post=13398"}],"version-history":[{"count":5,"href":"https:\/\/nagarsa.com\/de\/wp-json\/wp\/v2\/pages\/13398\/revisions"}],"predecessor-version":[{"id":13483,"href":"https:\/\/nagarsa.com\/de\/wp-json\/wp\/v2\/pages\/13398\/revisions\/13483"}],"wp:attachment":[{"href":"https:\/\/nagarsa.com\/de\/wp-json\/wp\/v2\/media?parent=13398"}],"curies":[{"name":"wp","href":"https:\/\/api.w.org\/{rel}","templated":true}]}}