{"id":13278,"date":"2018-12-19T15:06:04","date_gmt":"2018-12-19T15:06:04","guid":{"rendered":"http:\/\/nagarsa.webtosell.es\/terminos-y-condiciones\/"},"modified":"2019-02-04T11:10:30","modified_gmt":"2019-02-04T11:10:30","slug":"geschaftsbedingungen","status":"publish","type":"page","link":"https:\/\/nagarsa.com\/de\/geschaftsbedingungen\/","title":{"rendered":"Gesch\u00e4ftsbedingungen"},"content":{"rendered":"<div class=\"limit-wrapper\"><div class=\"row \"><div class=\"wpv-grid grid-1-1  wpv-first-level first unextended no-extended-padding\" style=\"padding-top:0.05px;padding-bottom:0.05px;\" id=\"wpv-column-44fd1dc18d9962128cbb9f98ed4aee4a\" ><p class=\"terminos-copy\">En cumplimiento de la Ley 34\/2002, de 11 de julio, de Servicios de la Sociedad de la Informaci\u00f3n y de Comercio Electr\u00f3nico (LSSI-CE), NAGARSA informa que es titular del sitio web Nagarsa. De acuerdo con la exigencia del art\u00edculo 10 de la citada Ley, NAGARSA informa de los siguientes datos: El titular de este sitio web es NAGARSA, con CIF B03100096 domicilio social en \u201cCtra.Murcia-Alicante km. 49, 500<br \/>\nPol.Ind. Faima c\/Calpe, 49\u00a0Crevillente, 03330 Alicante, Espa\u00f1a.\u201d. La direcci\u00f3n de correo electr\u00f3nico de contacto con la empresa es: nagarsa@nagarsa.com<\/p>\n<h2 class=\"terminos-header\">USUARIO Y R\u00c9GIMEN DE RESPONSABILIDADES<\/h2>\n<p class=\"terminos-copy\">La navegaci\u00f3n, acceso y uso por el sitio web de NAGARSA confiere la condici\u00f3n de usuario, por la que se aceptan, desde la navegaci\u00f3n por el sitio web de NAGARSA, todas las condiciones de uso aqu\u00ed establecidas sin perjuicio de la aplicaci\u00f3n de la correspondiente normativa de obligado cumplimiento legal seg\u00fan el caso. El sitio web de NAGARSA proporciona gran diversidad de informaci\u00f3n, servicios y datos. El usuario asume su responsabilidad en el uso correcto del sitio web. Esta responsabilidad se extender\u00e1 a:<\/p>\n<p>\u2013 La veracidad y licitud de las informaciones aportadas por el usuario en los formularios extendidos por NAGARSA para el acceso a ciertos contenidos o servicios ofrecidos por el web.<\/p>\n<p>\u2013 El uso de la informaci\u00f3n, servicios y datos ofrecidos por NAGARSA contrariamente a lo dispuesto por las presentes condiciones, la Ley, la moral, las buenas costumbres o el orden p\u00fablico, o que de cualquier otro modo puedan suponer lesi\u00f3n de los derechos de terceros o del mismo funcionamiento del sitio web.<\/p>\n<h2 class=\"terminos-header\">POL\u00cdTICA DE ENLACES Y EXENCIONES DE RESPONSABILIDAD<\/h2>\n<p class=\"terminos-copy\">NAGARSA no se hace responsable del contenido de los sitios web a los que el usuario pueda acceder a trav\u00e9s de los enlaces establecidos en su sitio web y declara que en ning\u00fan caso proceder\u00e1 a examinar o ejercitar ning\u00fan tipo de control sobre el contenido de otros sitios de la red. Asimismo, tampoco garantizar\u00e1 la disponibilidad t\u00e9cnica, exactitud, veracidad, validez o legalidad de sitios ajenos a su propiedad a los que se pueda acceder por medio de los enlaces.<\/p>\n<p class=\"terminos-copy\">NAGARSA declara haber adoptado todas las medidas necesarias para evitar cualquier da\u00f1o a los usuarios de su sitio web, que pudieran derivarse de la navegaci\u00f3n por su sitio web. En consecuencia, NAGARSA no se hace responsable, en ning\u00fan caso, de los eventuales da\u00f1os que por la navegaci\u00f3n por Internet pudiera sufrir el usuario.<\/p>\n<h2 class=\"terminos-header\">MODIFICACIONES<\/h2>\n<p class=\"terminos-copy\">NAGARSA se reserva el derecho a realizar las modificaciones que considere oportunas, sin aviso previo, en el contenido de su sitio web. Tanto en lo referente a los contenidos del sitio web, como en las condiciones de uso del mismo. Dichas modificaciones podr\u00e1n realizarse a trav\u00e9s de su sitio web por cualquier forma admisible en derecho y ser\u00e1n de obligado cumplimiento durante el tiempo en que se encuentren publicadas en la web y hasta que no sean modificadas v\u00e1lidamente por otras posteriores.<\/p>\n<h2 class=\"terminos-header\">PROPIEDAD INTELECTUAL E INDUSTRIAL<\/h2>\n<p class=\"terminos-copy\">NAGARSA por s\u00ed misma o como cesionaria, es titular de todos los derechos de propiedad intelectual e industrial de su p\u00e1gina web, as\u00ed como de los elementos contenidos en la misma (a t\u00edtulo enunciativo, im\u00e1genes, sonido, audio, v\u00eddeo, software o textos; marcas o logotipos, combinaciones de colores, estructura y dise\u00f1o, selecci\u00f3n de materiales usados, programas de ordenador necesarios para su funcionamiento, acceso y uso, etc.), titularidad de NAGARSA. Ser\u00e1n, por consiguiente, obras protegidas como propiedad intelectual por el ordenamiento jur\u00eddico espa\u00f1ol, si\u00e9ndoles aplicables tanto la normativa espa\u00f1ola y comunitaria en este campo, como los tratados internacionales relativos a la materia y suscritos por Espa\u00f1a.<\/p>\n<p class=\"terminos-copy\">Todos los derechos reservados. En virtud de lo dispuesto en los art\u00edculos 8 y 32.1, p\u00e1rrafo segundo, de la Ley de Propiedad Intelectual, quedan expresamente prohibidas la reproducci\u00f3n, la distribuci\u00f3n y la comunicaci\u00f3n p\u00fablica, incluida su modalidad de puesta a disposici\u00f3n, de la totalidad o parte de los contenidos de esta p\u00e1gina web, con fines comerciales, en cualquier soporte y por cualquier medio t\u00e9cnico, sin la autorizaci\u00f3n de NAGARSA.<\/p>\n<p class=\"terminos-copy\">El usuario se compromete a respetar los derechos de Propiedad Intelectual e Industrial titularidad de NAGARSA. Podr\u00e1 visualizar los elementos del portal e incluso imprimirlos, copiarlos y almacenarlos en el disco duro de su ordenador o en cualquier otro soporte f\u00edsico siempre y cuando sea, \u00fanica y exclusivamente, para su uso personal y privado. El usuario deber\u00e1 abstenerse de suprimir, alterar, eludir o manipular cualquier dispositivo de protecci\u00f3n o sistema de seguridad que estuviera instalado en las p\u00e1ginas de NAGARSA.<\/p>\n<h2 class=\"terminos-header\">ACCIONES LEGALES, LEGISLACI\u00d3N APLICABLE Y JURISDICCI\u00d3N<\/h2>\n<p class=\"terminos-copy\">NAGARSA se reserva, asimismo, la facultad de presentar las acciones civiles o penales que considere oportunas por la utilizaci\u00f3n indebida de su sitio web y contenidos, o por el incumplimiento de las presentes condiciones.<\/p>\n<p class=\"terminos-copy\">La relaci\u00f3n entre el usuario y el prestador se regir\u00e1 por la normativa vigente y de aplicaci\u00f3n en el territorio espa\u00f1ol. De surgir cualquier controversia las partes podr\u00e1n someter sus conflictos a arbitraje o acudir a la jurisdicci\u00f3n ordinaria cumpliendo con las normas sobre jurisdicci\u00f3n y competencia al respecto. NAGARSA tiene su domicilio en ALACANT, Espa\u00f1a.<\/div><\/div><\/div>\n","protected":false},"excerpt":{"rendered":"<p>En cumplimiento de la Ley 34\/2002, de 11 de julio, de Servicios de la Sociedad de la Informaci\u00f3n y de Comercio Electr\u00f3nico (LSSI-CE), NAGARSA informa que es titular del sitio web Nagarsa. De acuerdo con la exigencia del art\u00edculo 10 de la citada Ley, NAGARSA informa de los siguientes datos: El titular de este sitio&#8230;<\/p>\n","protected":false},"author":1,"featured_media":0,"parent":0,"menu_order":0,"comment_status":"closed","ping_status":"closed","template":"","meta":[],"_links":{"self":[{"href":"https:\/\/nagarsa.com\/de\/wp-json\/wp\/v2\/pages\/13278"}],"collection":[{"href":"https:\/\/nagarsa.com\/de\/wp-json\/wp\/v2\/pages"}],"about":[{"href":"https:\/\/nagarsa.com\/de\/wp-json\/wp\/v2\/types\/page"}],"author":[{"embeddable":true,"href":"https:\/\/nagarsa.com\/de\/wp-json\/wp\/v2\/users\/1"}],"replies":[{"embeddable":true,"href":"https:\/\/nagarsa.com\/de\/wp-json\/wp\/v2\/comments?post=13278"}],"version-history":[{"count":1,"href":"https:\/\/nagarsa.com\/de\/wp-json\/wp\/v2\/pages\/13278\/revisions"}],"predecessor-version":[{"id":13279,"href":"https:\/\/nagarsa.com\/de\/wp-json\/wp\/v2\/pages\/13278\/revisions\/13279"}],"wp:attachment":[{"href":"https:\/\/nagarsa.com\/de\/wp-json\/wp\/v2\/media?parent=13278"}],"curies":[{"name":"wp","href":"https:\/\/api.w.org\/{rel}","templated":true}]}}