{"id":12748,"date":"2013-03-15T12:36:27","date_gmt":"2013-03-15T12:36:27","guid":{"rendered":"http:\/\/nagarsa.webtosell.es\/home\/"},"modified":"2019-01-29T12:12:18","modified_gmt":"2019-01-29T12:12:18","slug":"home","status":"publish","type":"page","link":"https:\/\/nagarsa.com\/de\/home\/","title":{"rendered":"Home"},"content":{"rendered":"<div class=\"row \"><div class=\"wpv-grid grid-1-1  wpv-first-level parallax-bg first has-background extended-content unextended has-extended-padding\" style=\"background-color:#FFFFF;padding-top:0.05px;padding-bottom:0.05px;padding-left:15px;padding-right:15px;\" id=\"wpv-column-1a68510d9f3e3eda6b595456fdb6bf14\"  data-parallax-method=\"to-centre\" data-parallax-inertia=\"-0.3\"><div class=\"extended-column-inner\"><style>#wpv-column-1a68510d9f3e3eda6b595456fdb6bf14:before{background-color:transparent;}<\/style><div class=\"row \"><div class=\"wpv-grid grid-1-3  first unextended no-extended-padding\" style=\"padding-top:0.05px;padding-bottom:0.05px;\" id=\"wpv-column-fecdef98443fbe81b459b0d96d96a69d\" >\t\t<div class=\"sep-text single centered\">\r\n\t\t\t\t\t\t\t<span class=\"sep-text-before\"><div class=\"sep-text-line\"><\/div><\/span>\r\n\t\t\t\t\t\t<div class=\"content\">\r\n\t\t\t\t<h2 class=\"regular-title-wrapper\">\t\t\t\t\tAMBERES\t\t\t\t<\/h2>\t\t\t<\/div>\r\n\t\t\t<span class=\"sep-text-after\"><div class=\"sep-text-line\"><\/div><\/span>\r\n\t\t\t\t\t<\/div>\r\n\t<p><a href=\"\/?page_id=12727\"><img loading=\"lazy\" class=\"alignnone size-full\" src=\"http:\/\/nagarsa.com\/wp-content\/uploads\/2018\/12\/amberes-1.jpg\" width=\"800\" height=\"600\" \/> <\/a><\/p>\n<p>Ref: AMBERES<\/p>\n<p><span style=\"color: #c63933;\">GR\u00d6SSEN<\/span>: 36 y 41<\/p>\n<p>EIGENSCHAFTEN: TR, TR LIGHT<\/p>\n<p><a href=\"http:\/\/nagarsa.com\/de\/kontakt\/\">Weitere Informationen<\/a><\/div>\n<div class=\"wpv-grid grid-1-3  unextended no-extended-padding\" style=\"padding-top:0.05px;padding-bottom:0.05px;\" id=\"wpv-column-27161515a54f791a18baa906a52c8006\" >\t\t<div class=\"sep-text single centered\">\r\n\t\t\t\t\t\t\t<span class=\"sep-text-before\"><div class=\"sep-text-line\"><\/div><\/span>\r\n\t\t\t\t\t\t<div class=\"content\">\r\n\t\t\t\t<h2 class=\"regular-title-wrapper\">\t\t\t\t\tCRETA\t\t\t\t<\/h2>\t\t\t<\/div>\r\n\t\t\t<span class=\"sep-text-after\"><div class=\"sep-text-line\"><\/div><\/span>\r\n\t\t\t\t\t<\/div>\r\n\t<p><a href=\"\/?page_id=12727\"><img loading=\"lazy\" class=\"alignnone size-full\" src=\"http:\/\/nagarsa.com\/wp-content\/uploads\/2018\/12\/Creta.jpeg\" width=\"800\" height=\"600\" \/> <\/a><br \/>\nRef: CRETA<\/p>\n<p><span style=\"color: #c63933;\">GR\u00d6SSEN<\/span>: 37<\/p>\n<p>EIGENSCHAFTEN: TR<\/p>\n<p><a href=\"http:\/\/nagarsa.com\/de\/kontakt\/\">Weitere Informationen<\/a><\/div>\n<div class=\"wpv-grid grid-1-3  unextended no-extended-padding\" style=\"padding-top:0.05px;padding-bottom:0.05px;\" id=\"wpv-column-6facf73dd955aee1ba63d819b242985b\" >\t\t<div class=\"sep-text single centered\">\r\n\t\t\t\t\t\t\t<span class=\"sep-text-before\"><div class=\"sep-text-line\"><\/div><\/span>\r\n\t\t\t\t\t\t<div class=\"content\">\r\n\t\t\t\t<h2 class=\"regular-title-wrapper\">\t\t\t\t\tGAB\t\t\t\t<\/h2>\t\t\t<\/div>\r\n\t\t\t<span class=\"sep-text-after\"><div class=\"sep-text-line\"><\/div><\/span>\r\n\t\t\t\t\t<\/div>\r\n\t<p><a href=\"\/?page_id=12727\"><img loading=\"lazy\" class=\"alignnone size-full\" src=\"http:\/\/nagarsa.com\/wp-content\/uploads\/2018\/12\/gab.jpg\" width=\"800\" height=\"600\" \/> <\/a><br \/>\nRef: GAB<\/p>\n<p><span style=\"color: #c63933;\">GR\u00d6SSEN<\/span>: 36\/41<\/p>\n<p>EIGENSCHAFTEN: TPU<\/p>\n<p><a href=\"http:\/\/nagarsa.com\/de\/kontakt\/\">Weitere Informationen<\/a><\/div><\/div>\n<div class=\"row \"><div class=\"wpv-grid grid-1-3  first unextended no-extended-padding\" style=\"padding-top:0.05px;padding-bottom:0.05px;\" id=\"wpv-column-26ca9188ed8a164c774b365ce64ba9ec\" >\t\t<div class=\"sep-text single centered\">\r\n\t\t\t\t\t\t\t<span class=\"sep-text-before\"><div class=\"sep-text-line\"><\/div><\/span>\r\n\t\t\t\t\t\t<div class=\"content\">\r\n\t\t\t\t<h2 class=\"regular-title-wrapper\">\t\t\t\t\tHELIANA\t\t\t\t<\/h2>\t\t\t<\/div>\r\n\t\t\t<span class=\"sep-text-after\"><div class=\"sep-text-line\"><\/div><\/span>\r\n\t\t\t\t\t<\/div>\r\n\t<p><a href=\"\/?page_id=12727\"><img loading=\"lazy\" class=\"alignnone size-full\" src=\"http:\/\/nagarsa.com\/wp-content\/uploads\/2018\/12\/heliana.jpg\" width=\"800\" height=\"600\" \/> <\/a><br \/>\nRef: HELIANA<\/p>\n<p><span style=\"color: #c63933;\">GR\u00d6SSEN<\/span>: 36\/41<\/p>\n<p>EIGENSCHAFTEN: TR, TPU<\/p>\n<p><a href=\"http:\/\/nagarsa.com\/de\/kontakt\/\">Weitere Informationen<\/a><\/div>\n<div class=\"wpv-grid grid-1-3  unextended no-extended-padding\" style=\"padding-top:0.05px;padding-bottom:0.05px;\" id=\"wpv-column-3e1291e5a479a73b7e66c794801585e1\" >\t\t<div class=\"sep-text single centered\">\r\n\t\t\t\t\t\t\t<span class=\"sep-text-before\"><div class=\"sep-text-line\"><\/div><\/span>\r\n\t\t\t\t\t\t<div class=\"content\">\r\n\t\t\t\t<h2 class=\"regular-title-wrapper\">\t\t\t\t\tHELIKE\t\t\t\t<\/h2>\t\t\t<\/div>\r\n\t\t\t<span class=\"sep-text-after\"><div class=\"sep-text-line\"><\/div><\/span>\r\n\t\t\t\t\t<\/div>\r\n\t<p><a href=\"\/?page_id=12727\"><img loading=\"lazy\" class=\"alignnone size-full\" src=\"http:\/\/nagarsa.com\/wp-content\/uploads\/2018\/12\/helike.jpg\" width=\"800\" height=\"600\" \/> <\/a><br \/>\nRef: HELIKE<\/p>\n<p><span style=\"color: #c63933;\">GR\u00d6SSEN:\u00a0<\/span><\/p>\n<p>EIGENSCHAFTEN: TR, TPU<\/p>\n<p><a href=\"http:\/\/nagarsa.com\/de\/kontakt\/\">Weitere Informationen<\/a><\/div>\n<div class=\"wpv-grid grid-1-3  unextended no-extended-padding\" style=\"padding-top:0.05px;padding-bottom:0.05px;\" id=\"wpv-column-5268c06c0d8abcd21e70d852ce3ef7f4\" >\t\t<div class=\"sep-text single centered\">\r\n\t\t\t\t\t\t\t<span class=\"sep-text-before\"><div class=\"sep-text-line\"><\/div><\/span>\r\n\t\t\t\t\t\t<div class=\"content\">\r\n\t\t\t\t<h2 class=\"regular-title-wrapper\">\t\t\t\t\tANDIAMO\t\t\t\t<\/h2>\t\t\t<\/div>\r\n\t\t\t<span class=\"sep-text-after\"><div class=\"sep-text-line\"><\/div><\/span>\r\n\t\t\t\t\t<\/div>\r\n\t<p><a href=\"\/?page_id=12727\"><img loading=\"lazy\" class=\"alignnone size-medium wp-image-11923\" src=\"http:\/\/nagarsa.com\/wp-content\/uploads\/2018\/12\/Andiamo-300x225.jpg\" alt=\"Suela Andiamo\" width=\"800\" height=\"600\" \/><\/a><\/p>\n<p>Ref: ANDIAMO<\/p>\n<p><span style=\"color: #c63933;\">GR\u00d6SSEN<\/span>: 36 y 41<\/p>\n<p>EIGENSCHAFTEN: TR LIGHT<\/p>\n<p><a href=\"http:\/\/nagarsa.com\/de\/kontakt\/\">Weitere Informationen<\/a><\/div><\/div>\n<div class=\"row \"><div class=\"wpv-grid grid-1-3  first unextended no-extended-padding\" style=\"padding-top:0.05px;padding-bottom:0.05px;\" id=\"wpv-column-ab18bfe53815ecd1d7afe6c60662adc4\" >\t\t<div class=\"sep-text single centered\">\r\n\t\t\t\t\t\t\t<span class=\"sep-text-before\"><div class=\"sep-text-line\"><\/div><\/span>\r\n\t\t\t\t\t\t<div class=\"content\">\r\n\t\t\t\t<h2 class=\"regular-title-wrapper\">\t\t\t\t\tDANTE\t\t\t\t<\/h2>\t\t\t<\/div>\r\n\t\t\t<span class=\"sep-text-after\"><div class=\"sep-text-line\"><\/div><\/span>\r\n\t\t\t\t\t<\/div>\r\n\t<p><a href=\"\/?page_id=12727\"><img loading=\"lazy\" class=\"alignnone size-full\" src=\"http:\/\/nagarsa.com\/wp-content\/uploads\/2018\/12\/dante.jpg\" width=\"800\" height=\"600\" \/> <\/a><br \/>\nRef: DANTE<\/p>\n<p><span style=\"color: #c63933;\">GR\u00d6SSEN<\/span>: 36\/41<\/p>\n<p>EIGENSCHAFTEN: TR, TPU<\/p>\n<p><a href=\"http:\/\/nagarsa.com\/de\/kontakt\/\">Weitere Informationen<\/a><\/div>\n<div class=\"wpv-grid grid-1-3  unextended no-extended-padding\" style=\"padding-top:0.05px;padding-bottom:0.05px;\" id=\"wpv-column-a643fe83732c35659450ef58f3fba9b1\" >\t\t<div class=\"sep-text single centered\">\r\n\t\t\t\t\t\t\t<span class=\"sep-text-before\"><div class=\"sep-text-line\"><\/div><\/span>\r\n\t\t\t\t\t\t<div class=\"content\">\r\n\t\t\t\t<h2 class=\"regular-title-wrapper\">\t\t\t\t\tKANSAS\t\t\t\t<\/h2>\t\t\t<\/div>\r\n\t\t\t<span class=\"sep-text-after\"><div class=\"sep-text-line\"><\/div><\/span>\r\n\t\t\t\t\t<\/div>\r\n\t<p><a href=\"\/?page_id=12727\"><img loading=\"lazy\" class=\"alignnone size-full\" src=\"http:\/\/nagarsa.com\/wp-content\/uploads\/2018\/12\/kansas.jpg\" width=\"800\" height=\"600\" \/> <\/a><br \/>\nRef: KANSAS<\/p>\n<p><span style=\"color: #c63933;\">GR\u00d6SSEN<\/span>: 37<\/p>\n<p>EIGENSCHAFTEN: TR LIGHT<\/p>\n<p><a href=\"http:\/\/nagarsa.com\/de\/kontakt\/\">Weitere Informationen<\/a><\/div>\n<div class=\"wpv-grid grid-1-3  unextended no-extended-padding\" style=\"padding-top:0.05px;padding-bottom:0.05px;\" id=\"wpv-column-ff95a6d5ceb293a08a93237a7fec83f8\" >\t\t<div class=\"sep-text single centered\">\r\n\t\t\t\t\t\t\t<span class=\"sep-text-before\"><div class=\"sep-text-line\"><\/div><\/span>\r\n\t\t\t\t\t\t<div class=\"content\">\r\n\t\t\t\t<h2 class=\"regular-title-wrapper\">\t\t\t\t\tLION\t\t\t\t<\/h2>\t\t\t<\/div>\r\n\t\t\t<span class=\"sep-text-after\"><div class=\"sep-text-line\"><\/div><\/span>\r\n\t\t\t\t\t<\/div>\r\n\t<p><a href=\"\/?page_id=12727\"><img loading=\"lazy\" class=\"alignnone size-full\" src=\"http:\/\/nagarsa.com\/wp-content\/uploads\/2018\/12\/lion.jpg\" width=\"800\" height=\"600\" \/> <\/a><br \/>\nRef: LION<\/p>\n<p><span style=\"color: #c63933;\">GR\u00d6SSEN<\/span>: 37<\/p>\n<p>EIGENSCHAFTEN: TPU<\/p>\n<p><a href=\"http:\/\/nagarsa.com\/de\/kontakt\/\">Weitere Informationen<\/a><\/div><\/div>\n<div class=\"row \"><div class=\"wpv-grid grid-1-3  first unextended no-extended-padding\" style=\"padding-top:0.05px;padding-bottom:0.05px;\" id=\"wpv-column-346b3ebaa44914fd2c9957c027c84299\" >\t\t<div class=\"sep-text single centered\">\r\n\t\t\t\t\t\t\t<span class=\"sep-text-before\"><div class=\"sep-text-line\"><\/div><\/span>\r\n\t\t\t\t\t\t<div class=\"content\">\r\n\t\t\t\t<h2 class=\"regular-title-wrapper\">\t\t\t\t\tPRINCE\t\t\t\t<\/h2>\t\t\t<\/div>\r\n\t\t\t<span class=\"sep-text-after\"><div class=\"sep-text-line\"><\/div><\/span>\r\n\t\t\t\t\t<\/div>\r\n\t<p><a href=\"\/?page_id=12727\"><img loading=\"lazy\" class=\"alignnone size-full\" src=\"http:\/\/nagarsa.com\/wp-content\/uploads\/2018\/12\/prince.jpg\" width=\"800\" height=\"600\" \/> <\/a><br \/>\nRef: PRINCE<\/p>\n<p><span style=\"color: #c63933;\">GR\u00d6SSEN<\/span>: 37<\/p>\n<p>EIGENSCHAFTEN: TPU<\/p>\n<p><a href=\"http:\/\/nagarsa.com\/de\/kontakt\/\">Weitere Informationen<\/a><\/div>\n<div class=\"wpv-grid grid-1-3  unextended no-extended-padding\" style=\"padding-top:0.05px;padding-bottom:0.05px;\" id=\"wpv-column-d775c9dc8b07c141e719e98201b9d585\" >\t\t<div class=\"sep-text single centered\">\r\n\t\t\t\t\t\t\t<span class=\"sep-text-before\"><div class=\"sep-text-line\"><\/div><\/span>\r\n\t\t\t\t\t\t<div class=\"content\">\r\n\t\t\t\t<h2 class=\"regular-title-wrapper\">\t\t\t\t\tWALLY\t\t\t\t<\/h2>\t\t\t<\/div>\r\n\t\t\t<span class=\"sep-text-after\"><div class=\"sep-text-line\"><\/div><\/span>\r\n\t\t\t\t\t<\/div>\r\n\t<p><a href=\"\/?page_id=12727\"><img loading=\"lazy\" class=\"alignnone size-full\" src=\"http:\/\/nagarsa.com\/wp-content\/uploads\/2018\/12\/wally.jpeg\" width=\"800\" height=\"600\" \/><\/a><\/p>\n<p>Ref: WALLY<\/p>\n<p><span style=\"color: #c63933;\">GR\u00d6SSEN<\/span>: 36 y 41<\/p>\n<p>EIGENSCHAFTEN: TR, TR LIGHT<\/p>\n<p><a href=\"http:\/\/nagarsa.com\/de\/kontakt\/\">Weitere Informationen<\/a><\/div>\n<div class=\"wpv-grid grid-1-3  unextended no-extended-padding\" style=\"padding-top:0.05px;padding-bottom:0.05px;\" id=\"wpv-column-78c968479827cf978c2386a23ab4101b\" >\t\t<div class=\"sep-text single centered\">\r\n\t\t\t\t\t\t\t<span class=\"sep-text-before\"><div class=\"sep-text-line\"><\/div><\/span>\r\n\t\t\t\t\t\t<div class=\"content\">\r\n\t\t\t\t<h2 class=\"regular-title-wrapper\">\t\t\t\t\tZAIDA\t\t\t\t<\/h2>\t\t\t<\/div>\r\n\t\t\t<span class=\"sep-text-after\"><div class=\"sep-text-line\"><\/div><\/span>\r\n\t\t\t\t\t<\/div>\r\n\t<p><a href=\"\/?page_id=12727\"><img loading=\"lazy\" class=\"alignnone size-full\" src=\"http:\/\/nagarsa.com\/wp-content\/uploads\/2018\/12\/zaida.jpg\" width=\"800\" height=\"600\" \/> <\/a><br \/>\nRef: ZAIDA<\/p>\n<p><span style=\"color: #c63933;\">GR\u00d6SSEN<\/span>: 37<\/p>\n<p>EIGENSCHAFTEN: TR, TR LIGHT<\/p>\n<p><a href=\"http:\/\/nagarsa.com\/de\/kontakt\/\">Weitere Informationen<\/a><\/div><\/div>\n<div class=\"row \"><div class=\"wpv-grid grid-1-3  first unextended no-extended-padding\" style=\"padding-top:0.05px;padding-bottom:0.05px;\" id=\"wpv-column-50d7e69bb2dde36bbb6474e1d7038e38\" >\t\t<div class=\"sep-text single centered\">\r\n\t\t\t\t\t\t\t<span class=\"sep-text-before\"><div class=\"sep-text-line\"><\/div><\/span>\r\n\t\t\t\t\t\t<div class=\"content\">\r\n\t\t\t\t<h2 class=\"regular-title-wrapper\">\t\t\t\t\tTABU\t\t\t\t<\/h2>\t\t\t<\/div>\r\n\t\t\t<span class=\"sep-text-after\"><div class=\"sep-text-line\"><\/div><\/span>\r\n\t\t\t\t\t<\/div>\r\n\t<p><a href=\"\/?page_id=12727\"><img loading=\"lazy\" class=\"alignnone size-full\" src=\"http:\/\/nagarsa.com\/wp-content\/uploads\/2018\/12\/tabu.jpg\" width=\"800\" height=\"600\" \/> <\/a><br \/>\nRef: TABU<\/p>\n<p><span style=\"color: #c63933;\">GR\u00d6SSEN<\/span>: 37<\/p>\n<p>EIGENSCHAFTEN: TR, TR LIGHT<\/p>\n<p><a href=\"http:\/\/nagarsa.com\/de\/kontakt\/\">Weitere Informationen<\/a><\/div>\n<div class=\"wpv-grid grid-1-3  unextended no-extended-padding\" style=\"padding-top:0.05px;padding-bottom:0.05px;\" id=\"wpv-column-db56dd7c88025ee370bee0fed27aa681\" >\t\t<div class=\"sep-text single centered\">\r\n\t\t\t\t\t\t\t<span class=\"sep-text-before\"><div class=\"sep-text-line\"><\/div><\/span>\r\n\t\t\t\t\t\t<div class=\"content\">\r\n\t\t\t\t<h2 class=\"regular-title-wrapper\">\t\t\t\t\tWALLACE\t\t\t\t<\/h2>\t\t\t<\/div>\r\n\t\t\t<span class=\"sep-text-after\"><div class=\"sep-text-line\"><\/div><\/span>\r\n\t\t\t\t\t<\/div>\r\n\t<p><a href=\"\/?page_id=12727\"><img loading=\"lazy\" class=\"alignnone size-full\" src=\"http:\/\/nagarsa.com\/wp-content\/uploads\/2018\/12\/wallace.jpg\" width=\"800\" height=\"600\" \/> <\/a><br \/>\nRef: WALLACE<\/p>\n<p><span style=\"color: #c63933;\">GR\u00d6SSEN<\/span>: 36 Y 41<\/p>\n<p>EIGENSCHAFTEN: TR, TR LIGHT<\/p>\n<p><a href=\"http:\/\/nagarsa.com\/de\/kontakt\/\">Weitere Informationen<\/a><\/div>\n<div class=\"wpv-grid grid-1-3  unextended no-extended-padding\" style=\"padding-top:0.05px;padding-bottom:0.05px;\" id=\"wpv-column-70dcd0f238aeb33284a76a3069f48e8e\" >\t\t<div class=\"sep-text single centered\">\r\n\t\t\t\t\t\t\t<span class=\"sep-text-before\"><div class=\"sep-text-line\"><\/div><\/span>\r\n\t\t\t\t\t\t<div class=\"content\">\r\n\t\t\t\t<h2 class=\"regular-title-wrapper\">\t\t\t\t\tTIANA\t\t\t\t<\/h2>\t\t\t<\/div>\r\n\t\t\t<span class=\"sep-text-after\"><div class=\"sep-text-line\"><\/div><\/span>\r\n\t\t\t\t\t<\/div>\r\n\t<p><a href=\"\/?page_id=12727\"><img loading=\"lazy\" class=\"alignnone size-full\" src=\"http:\/\/nagarsa.com\/wp-content\/uploads\/2018\/12\/tiana.jpg\" width=\"800\" height=\"600\" \/> <\/a><br \/>\nRef: TIANA<\/p>\n<p><span style=\"color: #c63933;\">GR\u00d6SSEN<\/span>: 37<\/p>\n<p>EIGENSCHAFTEN: TR, TR LIGHT<\/p>\n<p><a href=\"http:\/\/nagarsa.com\/de\/kontakt\/\">Weitere Informationen<\/a><\/div><\/div><\/div><\/div><\/div>\n<div class=\"push \" style=\"height:30px\"><\/div>\n","protected":false},"excerpt":{"rendered":"<p>Ref: AMBERES GR\u00d6SSEN: 36 y 41 EIGENSCHAFTEN: TR, TR LIGHT Weitere Informationen Ref: CRETA GR\u00d6SSEN: 37 EIGENSCHAFTEN: TR Weitere Informationen Ref: GAB GR\u00d6SSEN: 36\/41 EIGENSCHAFTEN: TPU Weitere Informationen Ref: HELIANA GR\u00d6SSEN: 36\/41 EIGENSCHAFTEN: TR, TPU Weitere Informationen Ref: HELIKE GR\u00d6SSEN:\u00a0 EIGENSCHAFTEN: TR, TPU Weitere Informationen Ref: ANDIAMO GR\u00d6SSEN: 36 y 41 EIGENSCHAFTEN: TR LIGHT Weitere&#8230;<\/p>\n","protected":false},"author":1,"featured_media":0,"parent":0,"menu_order":0,"comment_status":"closed","ping_status":"closed","template":"","meta":[],"_links":{"self":[{"href":"https:\/\/nagarsa.com\/de\/wp-json\/wp\/v2\/pages\/12748"}],"collection":[{"href":"https:\/\/nagarsa.com\/de\/wp-json\/wp\/v2\/pages"}],"about":[{"href":"https:\/\/nagarsa.com\/de\/wp-json\/wp\/v2\/types\/page"}],"author":[{"embeddable":true,"href":"https:\/\/nagarsa.com\/de\/wp-json\/wp\/v2\/users\/1"}],"replies":[{"embeddable":true,"href":"https:\/\/nagarsa.com\/de\/wp-json\/wp\/v2\/comments?post=12748"}],"version-history":[{"count":3,"href":"https:\/\/nagarsa.com\/de\/wp-json\/wp\/v2\/pages\/12748\/revisions"}],"predecessor-version":[{"id":12752,"href":"https:\/\/nagarsa.com\/de\/wp-json\/wp\/v2\/pages\/12748\/revisions\/12752"}],"wp:attachment":[{"href":"https:\/\/nagarsa.com\/de\/wp-json\/wp\/v2\/media?parent=12748"}],"curies":[{"name":"wp","href":"https:\/\/api.w.org\/{rel}","templated":true}]}}