{"id":12669,"date":"2019-01-23T10:40:18","date_gmt":"2019-01-23T10:40:18","guid":{"rendered":"http:\/\/nagarsa.webtosell.es\/?page_id=12669"},"modified":"2019-02-11T16:13:32","modified_gmt":"2019-02-11T16:13:32","slug":"unternehmen","status":"publish","type":"page","link":"https:\/\/nagarsa.com\/de\/unternehmen\/","title":{"rendered":"Unternehmen"},"content":{"rendered":"<div class=\"push \" style=\"height:30px\"><\/div>\n<div class=\"limit-wrapper\"><div class=\"row \"><div class=\"wpv-grid grid-1-1  wpv-first-level first unextended no-extended-padding\" style=\"padding-top:0.05px;padding-bottom:0.05px;\" id=\"wpv-column-7d01a536d4cb4b23a725ed189417f614\" ><h2 style=\"text-align: center;\">\u00dcber uns<\/h2>\n<p><strong>NAGARSA <\/strong>stell <strong>Sohlen f\u00fcr Damenschuhe <\/strong>\u00a0aus <strong>TR \/ PU \/ TPU\/ PVC und mikrogesch\u00e4umten Materialien her. <\/strong><br \/>\nWir besitzen eine gro\u00dfe Erfahrung auf dem einheimischen Markt und sind exportorientiert. Unsere Personal bem\u00fcht sich t\u00e4glich um Sie als Bezugspunkt dieses Marktes.<\/p>\n<p><strong>NAGARSA<\/strong> ist ein schuhkomponenten-orientierter Betrieb. Wir stellen Sohlen Design aus hochwertigen Materialien unter st\u00e4ndige Ausrichtung auf die Zufriedenheit des Kunden her.<\/p>\n<p>Dank der langj\u00e4hrigen Erfahrung auf diesem Sektor sind wir in der Lage, Produkte von <strong>bester Qualit\u00e4t<\/strong> zu liefern sowie die Gesch\u00e4ftsbeziehungen mit unseren Kunden zu pflegen. Die Kundenzufriedenheit ist unsere oberste Priorit\u00e4t.<\/div><\/div><\/div>\n<div class=\"push \" style=\"height:30px\"><\/div>\n","protected":false},"excerpt":{"rendered":"<p>\u00dcber uns NAGARSA stell Sohlen f\u00fcr Damenschuhe \u00a0aus TR \/ PU \/ TPU\/ PVC und mikrogesch\u00e4umten Materialien her. Wir besitzen eine gro\u00dfe Erfahrung auf dem einheimischen Markt und sind exportorientiert. Unsere Personal bem\u00fcht sich t\u00e4glich um Sie als Bezugspunkt dieses Marktes. NAGARSA ist ein schuhkomponenten-orientierter Betrieb. Wir stellen Sohlen Design aus hochwertigen Materialien unter st\u00e4ndige&#8230;<\/p>\n","protected":false},"author":1,"featured_media":0,"parent":0,"menu_order":0,"comment_status":"closed","ping_status":"closed","template":"","meta":[],"_links":{"self":[{"href":"https:\/\/nagarsa.com\/de\/wp-json\/wp\/v2\/pages\/12669"}],"collection":[{"href":"https:\/\/nagarsa.com\/de\/wp-json\/wp\/v2\/pages"}],"about":[{"href":"https:\/\/nagarsa.com\/de\/wp-json\/wp\/v2\/types\/page"}],"author":[{"embeddable":true,"href":"https:\/\/nagarsa.com\/de\/wp-json\/wp\/v2\/users\/1"}],"replies":[{"embeddable":true,"href":"https:\/\/nagarsa.com\/de\/wp-json\/wp\/v2\/comments?post=12669"}],"version-history":[{"count":7,"href":"https:\/\/nagarsa.com\/de\/wp-json\/wp\/v2\/pages\/12669\/revisions"}],"predecessor-version":[{"id":13470,"href":"https:\/\/nagarsa.com\/de\/wp-json\/wp\/v2\/pages\/12669\/revisions\/13470"}],"wp:attachment":[{"href":"https:\/\/nagarsa.com\/de\/wp-json\/wp\/v2\/media?parent=12669"}],"curies":[{"name":"wp","href":"https:\/\/api.w.org\/{rel}","templated":true}]}}